{"id":1417,"date":"2024-11-09T21:49:16","date_gmt":"2024-11-09T20:49:16","guid":{"rendered":"https:\/\/fisionicra.es\/?page_id=1417"},"modified":"2025-12-08T19:28:52","modified_gmt":"2025-12-08T18:28:52","slug":"bomba_diamagnetica","status":"publish","type":"page","link":"https:\/\/fisionicra.es\/gl\/bomba_diamagnetica\/","title":{"rendered":"Bomba diamagn\u00e9tica"},"content":{"rendered":"<div data-elementor-type=\"wp-page\" data-elementor-id=\"1417\" class=\"elementor elementor-1417\">\n\t\t\t\t<div class=\"elementor-element elementor-element-754c4313 e-con-full e-flex e-con e-parent\" data-id=\"754c4313\" data-element_type=\"container\" data-e-type=\"container\" data-settings=\"{&quot;background_background&quot;:&quot;video&quot;,&quot;background_video_link&quot;:&quot;https:\\\/\\\/storage.googleapis.com\\\/cajon_de_sastre_publico\\\/fisionicra\\\/bomba_diamagnetica.mp4&quot;}\">\n\t\t<div class=\"elementor-background-video-container elementor-hidden-mobile\">\n\t\t\t\t\t\t\t<video class=\"elementor-background-video-hosted\" role=\"presentation\" autoplay muted playsinline loop><\/video>\n\t\t\t\t\t<\/div>\t\t<\/div>\n\t\t\t\t<section class=\"elementor-section elementor-top-section elementor-element elementor-element-20584572 elementor-section-boxed elementor-section-height-default elementor-section-height-default\" data-id=\"20584572\" data-element_type=\"section\" data-e-type=\"section\">\n\t\t\t\t\t\t<div class=\"elementor-container elementor-column-gap-default\">\n\t\t\t\t\t<div class=\"elementor-column elementor-col-100 elementor-top-column elementor-element elementor-element-12d37e14\" data-id=\"12d37e14\" data-element_type=\"column\" data-e-type=\"column\">\n\t\t\t<div class=\"elementor-widget-wrap elementor-element-populated\">\n\t\t\t\t\t\t<div class=\"elementor-element elementor-element-4dc4890 elementor-widget elementor-widget-heading\" data-id=\"4dc4890\" data-element_type=\"widget\" data-e-type=\"widget\" data-widget_type=\"heading.default\">\n\t\t\t\t<div class=\"elementor-widget-container\">\n\t\t\t\t\t<h1 class=\"elementor-heading-title elementor-size-default\">Bomba diamagn\u00e9tica<\/h1>\t\t\t\t<\/div>\n\t\t\t\t<\/div>\n\t\t\t\t\t<\/div>\n\t\t<\/div>\n\t\t\t\t\t<\/div>\n\t\t<\/section>\n\t\t\t\t<section class=\"elementor-section elementor-top-section elementor-element elementor-element-f0f614e elementor-section-boxed elementor-section-height-default elementor-section-height-default\" data-id=\"f0f614e\" data-element_type=\"section\" data-e-type=\"section\">\n\t\t\t\t\t\t<div class=\"elementor-container elementor-column-gap-default\">\n\t\t\t\t\t<div class=\"elementor-column elementor-col-100 elementor-top-column elementor-element elementor-element-ff39044\" data-id=\"ff39044\" data-element_type=\"column\" data-e-type=\"column\">\n\t\t\t<div class=\"elementor-widget-wrap elementor-element-populated\">\n\t\t\t\t\t\t<div class=\"elementor-element elementor-element-cbe20f2 elementor-widget elementor-widget-text-editor\" data-id=\"cbe20f2\" data-element_type=\"widget\" data-e-type=\"widget\" data-widget_type=\"text-editor.default\">\n\t\t\t\t<div class=\"elementor-widget-container\">\n\t\t\t\t\t\t\t\t\t<p>La bomba diamagn\u00e9tica es un dispositivo terap\u00e9utico que utiliza campos magn\u00e9ticos pulsados de muy alta intensidad para generar un efecto de \u00abrepulsi\u00f3n magn\u00e9tica\u00bb en los tejidos para intervenir en el flujo de l\u00edquidos corporales.<\/p><p><br \/>Se basa en el\u00a0 <strong>diamagnetismo<\/strong>, que es una propiedad de ciertos materiales que los hace <strong>repeler<\/strong> campos magn\u00e9ticos externos. Cuando un campo magn\u00e9tico act\u00faa sobre un material diamagn\u00e9tico, este genera un campo magn\u00e9tico opuesto, que lo repele en lugar de atraerlo, como sucede con los materiales magn\u00e9ticos con los cuales estamos m\u00e1s familiarizados.<\/p><p>\u00a0<\/p><p>El campo magn\u00e9tico generado por la Bomba Diamagn\u00e9tica CTU Mega 20, con una <strong>intensidad<\/strong> de 2 Tesla, hace visible el <strong>efecto diamagn\u00e9tico<\/strong>, es decir, la repulsi\u00f3n de las sustancias que tienen propiedades diamagn\u00e9ticas, como el agua presente en el interior de los tejidos biol\u00f3gicos.<\/p><p><br \/>A mayores, la bomba diamagn\u00e9tica combina simult\u00e1neamente la acci\u00f3n de los campos magn\u00e9ticos con la <strong>diatermia<\/strong>, lo que genera un efecto \u201c<strong>PUSH and PULL<\/strong>\u201d.<\/p><p><br \/>\u00bfQu\u00e9 diferencias hay con una diatermia tradicional?<\/p><p>Una diatermia tradicional <strong>NO<\/strong> dispone de un generador de campo magn\u00e9tico, sino s\u00f3lo de un generador el\u00e9ctrico normal cuyo funcionamiento terap\u00e9utico se basa exclusivamente sobre la radiofrecuencia.<\/p><p><br \/>Entre los objetivos y beneficios de la bomba diamagn\u00e9tica est\u00e1n los siguientes:<br \/>\u2022 Reducci\u00f3n del dolor, ya sea de origen neurop\u00e1tico o nociceptivo.<br \/>\u2022 Reducci\u00f3n de la inflamaci\u00f3n mediante el movimiento de l\u00edquidos.<br \/>\u2022 Bioestimulaci\u00f3n end\u00f3gena: Ayuda a la curaci\u00f3n de los tejidos<br \/>\u2022 Vehiculizaci\u00f3n transd\u00e9rmica de medicamentos<\/p>\t\t\t\t\t\t\t\t<\/div>\n\t\t\t\t<\/div>\n\t\t\t\t\t<\/div>\n\t\t<\/div>\n\t\t\t\t\t<\/div>\n\t\t<\/section>\n\t\t<div class=\"elementor-element elementor-element-d9eb7bd e-flex e-con-boxed e-con e-parent\" data-id=\"d9eb7bd\" data-element_type=\"container\" data-e-type=\"container\">\n\t\t\t\t\t<div class=\"e-con-inner\">\n\t\t\t\t<div class=\"elementor-element elementor-element-36ea4ee elementor-widget elementor-widget-image-gallery\" data-id=\"36ea4ee\" data-element_type=\"widget\" data-e-type=\"widget\" data-widget_type=\"image-gallery.default\">\n\t\t\t\t<div class=\"elementor-widget-container\">\n\t\t\t\t\t\t\t<div class=\"elementor-image-gallery\">\n\t\t\t<div id='gallery-1' class='gallery galleryid-1417 gallery-columns-4 gallery-size-thumbnail'><figure class='gallery-item'>\n\t\t\t<div class='gallery-icon landscape'>\n\t\t\t\t<a data-elementor-open-lightbox=\"yes\" data-elementor-lightbox-slideshow=\"36ea4ee\" data-elementor-lightbox-title=\"DSC00277\" data-e-action-hash=\"#elementor-action%3Aaction%3Dlightbox%26settings%3DeyJpZCI6MTc2MywidXJsIjoiaHR0cHM6XC9cL2Zpc2lvbmljcmEuZXNcL3dwLWNvbnRlbnRcL3VwbG9hZHNcLzIwMjVcLzExXC9EU0MwMDI3Ny0xLXNjYWxlZC5qcGciLCJzbGlkZXNob3ciOiIzNmVhNGVlIn0%3D\" href='https:\/\/fisionicra.es\/wp-content\/uploads\/2025\/11\/DSC00277-1-scaled.jpg'><img decoding=\"async\" width=\"150\" height=\"150\" src=\"https:\/\/fisionicra.es\/wp-content\/uploads\/2025\/11\/DSC00277-1-150x150.jpg\" class=\"attachment-thumbnail size-thumbnail\" alt=\"\" \/><\/a>\n\t\t\t<\/div><\/figure><figure class='gallery-item'>\n\t\t\t<div class='gallery-icon landscape'>\n\t\t\t\t<a data-elementor-open-lightbox=\"yes\" data-elementor-lightbox-slideshow=\"36ea4ee\" data-elementor-lightbox-title=\"DSC00269\" data-e-action-hash=\"#elementor-action%3Aaction%3Dlightbox%26settings%3DeyJpZCI6MTc2NiwidXJsIjoiaHR0cHM6XC9cL2Zpc2lvbmljcmEuZXNcL3dwLWNvbnRlbnRcL3VwbG9hZHNcLzIwMjVcLzExXC9EU0MwMDI2OS1zY2FsZWQuanBnIiwic2xpZGVzaG93IjoiMzZlYTRlZSJ9\" href='https:\/\/fisionicra.es\/wp-content\/uploads\/2025\/11\/DSC00269-scaled.jpg'><img decoding=\"async\" width=\"150\" height=\"150\" src=\"https:\/\/fisionicra.es\/wp-content\/uploads\/2025\/11\/DSC00269-150x150.jpg\" class=\"attachment-thumbnail size-thumbnail\" alt=\"\" \/><\/a>\n\t\t\t<\/div><\/figure><figure class='gallery-item'>\n\t\t\t<div class='gallery-icon portrait'>\n\t\t\t\t<a data-elementor-open-lightbox=\"yes\" data-elementor-lightbox-slideshow=\"36ea4ee\" data-elementor-lightbox-title=\"DSC00273\" data-e-action-hash=\"#elementor-action%3Aaction%3Dlightbox%26settings%3DeyJpZCI6MTc2OCwidXJsIjoiaHR0cHM6XC9cL2Zpc2lvbmljcmEuZXNcL3dwLWNvbnRlbnRcL3VwbG9hZHNcLzIwMjVcLzExXC9EU0MwMDI3My1zY2FsZWQuanBnIiwic2xpZGVzaG93IjoiMzZlYTRlZSJ9\" href='https:\/\/fisionicra.es\/wp-content\/uploads\/2025\/11\/DSC00273-scaled.jpg'><img decoding=\"async\" width=\"150\" height=\"150\" src=\"https:\/\/fisionicra.es\/wp-content\/uploads\/2025\/11\/DSC00273-150x150.jpg\" class=\"attachment-thumbnail size-thumbnail\" alt=\"\" \/><\/a>\n\t\t\t<\/div><\/figure><figure class='gallery-item'>\n\t\t\t<div class='gallery-icon landscape'>\n\t\t\t\t<a data-elementor-open-lightbox=\"yes\" data-elementor-lightbox-slideshow=\"36ea4ee\" data-elementor-lightbox-title=\"DSC00275\" data-e-action-hash=\"#elementor-action%3Aaction%3Dlightbox%26settings%3DeyJpZCI6MTc2OSwidXJsIjoiaHR0cHM6XC9cL2Zpc2lvbmljcmEuZXNcL3dwLWNvbnRlbnRcL3VwbG9hZHNcLzIwMjVcLzExXC9EU0MwMDI3NS1zY2FsZWQuanBnIiwic2xpZGVzaG93IjoiMzZlYTRlZSJ9\" href='https:\/\/fisionicra.es\/wp-content\/uploads\/2025\/11\/DSC00275-scaled.jpg'><img loading=\"lazy\" decoding=\"async\" width=\"150\" height=\"150\" src=\"https:\/\/fisionicra.es\/wp-content\/uploads\/2025\/11\/DSC00275-150x150.jpg\" class=\"attachment-thumbnail size-thumbnail\" alt=\"\" \/><\/a>\n\t\t\t<\/div><\/figure><figure class='gallery-item'>\n\t\t\t<div class='gallery-icon landscape'>\n\t\t\t\t<a data-elementor-open-lightbox=\"yes\" data-elementor-lightbox-slideshow=\"36ea4ee\" data-elementor-lightbox-title=\"DSC00276\" data-e-action-hash=\"#elementor-action%3Aaction%3Dlightbox%26settings%3DeyJpZCI6MTc3MCwidXJsIjoiaHR0cHM6XC9cL2Zpc2lvbmljcmEuZXNcL3dwLWNvbnRlbnRcL3VwbG9hZHNcLzIwMjVcLzExXC9EU0MwMDI3Ni1zY2FsZWQuanBnIiwic2xpZGVzaG93IjoiMzZlYTRlZSJ9\" href='https:\/\/fisionicra.es\/wp-content\/uploads\/2025\/11\/DSC00276-scaled.jpg'><img loading=\"lazy\" decoding=\"async\" width=\"150\" height=\"150\" src=\"https:\/\/fisionicra.es\/wp-content\/uploads\/2025\/11\/DSC00276-150x150.jpg\" class=\"attachment-thumbnail size-thumbnail\" alt=\"\" \/><\/a>\n\t\t\t<\/div><\/figure><figure class='gallery-item'>\n\t\t\t<div class='gallery-icon portrait'>\n\t\t\t\t<a data-elementor-open-lightbox=\"yes\" data-elementor-lightbox-slideshow=\"36ea4ee\" data-elementor-lightbox-title=\"bomba_1\" data-e-action-hash=\"#elementor-action%3Aaction%3Dlightbox%26settings%3DeyJpZCI6MTgwNywidXJsIjoiaHR0cHM6XC9cL2Zpc2lvbmljcmEuZXNcL3dwLWNvbnRlbnRcL3VwbG9hZHNcLzIwMjVcLzEyXC9ib21iYV8xLXNjYWxlZC5qcGVnIiwic2xpZGVzaG93IjoiMzZlYTRlZSJ9\" href='https:\/\/fisionicra.es\/wp-content\/uploads\/2025\/12\/bomba_1-scaled.jpeg'><img loading=\"lazy\" decoding=\"async\" width=\"150\" height=\"150\" src=\"https:\/\/fisionicra.es\/wp-content\/uploads\/2025\/12\/bomba_1-150x150.jpeg\" class=\"attachment-thumbnail size-thumbnail\" alt=\"\" \/><\/a>\n\t\t\t<\/div><\/figure><figure class='gallery-item'>\n\t\t\t<div class='gallery-icon portrait'>\n\t\t\t\t<a data-elementor-open-lightbox=\"yes\" data-elementor-lightbox-slideshow=\"36ea4ee\" data-elementor-lightbox-title=\"bomba_2\" data-e-action-hash=\"#elementor-action%3Aaction%3Dlightbox%26settings%3DeyJpZCI6MTgwOCwidXJsIjoiaHR0cHM6XC9cL2Zpc2lvbmljcmEuZXNcL3dwLWNvbnRlbnRcL3VwbG9hZHNcLzIwMjVcLzEyXC9ib21iYV8yLXNjYWxlZC5qcGVnIiwic2xpZGVzaG93IjoiMzZlYTRlZSJ9\" href='https:\/\/fisionicra.es\/wp-content\/uploads\/2025\/12\/bomba_2-scaled.jpeg'><img loading=\"lazy\" decoding=\"async\" width=\"150\" height=\"150\" src=\"https:\/\/fisionicra.es\/wp-content\/uploads\/2025\/12\/bomba_2-150x150.jpeg\" class=\"attachment-thumbnail size-thumbnail\" alt=\"\" \/><\/a>\n\t\t\t<\/div><\/figure><figure class='gallery-item'>\n\t\t\t<div class='gallery-icon portrait'>\n\t\t\t\t<a data-elementor-open-lightbox=\"yes\" data-elementor-lightbox-slideshow=\"36ea4ee\" data-elementor-lightbox-title=\"bomba_3\" data-e-action-hash=\"#elementor-action%3Aaction%3Dlightbox%26settings%3DeyJpZCI6MTgwOSwidXJsIjoiaHR0cHM6XC9cL2Zpc2lvbmljcmEuZXNcL3dwLWNvbnRlbnRcL3VwbG9hZHNcLzIwMjVcLzEyXC9ib21iYV8zLXNjYWxlZC5qcGVnIiwic2xpZGVzaG93IjoiMzZlYTRlZSJ9\" href='https:\/\/fisionicra.es\/wp-content\/uploads\/2025\/12\/bomba_3-scaled.jpeg'><img loading=\"lazy\" decoding=\"async\" width=\"150\" height=\"150\" src=\"https:\/\/fisionicra.es\/wp-content\/uploads\/2025\/12\/bomba_3-150x150.jpeg\" class=\"attachment-thumbnail size-thumbnail\" alt=\"\" \/><\/a>\n\t\t\t<\/div><\/figure>\n\t\t<\/div>\n\t\t<\/div>\n\t\t\t\t\t\t<\/div>\n\t\t\t\t<\/div>\n\t\t\t\t\t<\/div>\n\t\t\t\t<\/div>\n\t\t<div class=\"elementor-element elementor-element-fc17949 e-con-full e-flex e-con e-parent\" data-id=\"fc17949\" data-element_type=\"container\" data-e-type=\"container\" data-settings=\"{&quot;background_background&quot;:&quot;classic&quot;}\">\n\t\t\t\t<div class=\"elementor-element elementor-element-f2939ae elementor-widget elementor-widget-heading\" data-id=\"f2939ae\" data-element_type=\"widget\" data-e-type=\"widget\" data-widget_type=\"heading.default\">\n\t\t\t\t<div class=\"elementor-widget-container\">\n\t\t\t\t\t<h4 class=\"elementor-heading-title elementor-size-default\">Reserva a t\u00faa cita<\/h4>\t\t\t\t<\/div>\n\t\t\t\t<\/div>\n\t\t\t\t<div class=\"elementor-element elementor-element-a04bf75 elementor-widget__width-initial elementor-widget-mobile__width-inherit elementor-widget elementor-widget-text-editor\" data-id=\"a04bf75\" data-element_type=\"widget\" data-e-type=\"widget\" data-widget_type=\"text-editor.default\">\n\t\t\t\t<div class=\"elementor-widget-container\">\n\t\t\t\t\t\t\t\t\t<p>Si te interesa programar una con nosotros o informarte m\u00e1s sobre los servicios no dudes en contactarnos.<\/p>\t\t\t\t\t\t\t\t<\/div>\n\t\t\t\t<\/div>\n\t\t\t\t<div class=\"elementor-element elementor-element-17d8688 elementor-align-center elementor-widget elementor-widget-button\" data-id=\"17d8688\" data-element_type=\"widget\" data-e-type=\"widget\" data-widget_type=\"button.default\">\n\t\t\t\t<div class=\"elementor-widget-container\">\n\t\t\t\t\t\t\t\t\t<div class=\"elementor-button-wrapper\">\n\t\t\t\t\t<a class=\"elementor-button elementor-button-link elementor-size-lg elementor-animation-grow\" href=\"\/gl\/contacto\/\">\n\t\t\t\t\t\t<span class=\"elementor-button-content-wrapper\">\n\t\t\t\t\t\t\t\t\t<span class=\"elementor-button-text\">Contactar<\/span>\n\t\t\t\t\t<\/span>\n\t\t\t\t\t<\/a>\n\t\t\t\t<\/div>\n\t\t\t\t\t\t\t\t<\/div>\n\t\t\t\t<\/div>\n\t\t\t\t<\/div>\n\t\t\t\t<\/div>","protected":false},"excerpt":{"rendered":"<p>Bomba diamagn\u00e9tica La bomba diamagn\u00e9tica es un dispositivo terap\u00e9utico que utiliza campos magn\u00e9ticos pulsados de muy alta intensidad para generar un efecto de \u00abrepulsi\u00f3n magn\u00e9tica\u00bb en los tejidos para intervenir en el flujo de l\u00edquidos corporales. Se basa en el\u00a0 diamagnetismo, que es una propiedad de ciertos materiales que los hace repeler campos magn\u00e9ticos externos.&hellip;&nbsp;<a href=\"https:\/\/fisionicra.es\/gl\/bomba_diamagnetica\/\" rel=\"bookmark\">Read More &raquo;<span class=\"screen-reader-text\">Bomba diamagn\u00e9tica<\/span><\/a><\/p>","protected":false},"author":1,"featured_media":1607,"parent":0,"menu_order":0,"comment_status":"closed","ping_status":"closed","template":"","meta":{"om_disable_all_campaigns":false,"_monsterinsights_skip_tracking":false,"_monsterinsights_sitenote_active":false,"_monsterinsights_sitenote_note":"","_monsterinsights_sitenote_category":0,"neve_meta_sidebar":"","neve_meta_container":"","neve_meta_enable_content_width":"","neve_meta_content_width":0,"neve_meta_title_alignment":"","neve_meta_author_avatar":"","neve_post_elements_order":"","neve_meta_disable_header":"off","neve_meta_disable_footer":"","neve_meta_disable_title":"on","neve_meta_reading_time":"","_ti_tpc_template_sync":false,"_ti_tpc_template_id":"","footnotes":""},"class_list":["post-1417","page","type-page","status-publish","has-post-thumbnail","hentry"],"aioseo_notices":[],"_links":{"self":[{"href":"https:\/\/fisionicra.es\/gl\/wp-json\/wp\/v2\/pages\/1417","targetHints":{"allow":["GET"]}}],"collection":[{"href":"https:\/\/fisionicra.es\/gl\/wp-json\/wp\/v2\/pages"}],"about":[{"href":"https:\/\/fisionicra.es\/gl\/wp-json\/wp\/v2\/types\/page"}],"author":[{"embeddable":true,"href":"https:\/\/fisionicra.es\/gl\/wp-json\/wp\/v2\/users\/1"}],"replies":[{"embeddable":true,"href":"https:\/\/fisionicra.es\/gl\/wp-json\/wp\/v2\/comments?post=1417"}],"version-history":[{"count":14,"href":"https:\/\/fisionicra.es\/gl\/wp-json\/wp\/v2\/pages\/1417\/revisions"}],"predecessor-version":[{"id":1812,"href":"https:\/\/fisionicra.es\/gl\/wp-json\/wp\/v2\/pages\/1417\/revisions\/1812"}],"wp:featuredmedia":[{"embeddable":true,"href":"https:\/\/fisionicra.es\/gl\/wp-json\/wp\/v2\/media\/1607"}],"wp:attachment":[{"href":"https:\/\/fisionicra.es\/gl\/wp-json\/wp\/v2\/media?parent=1417"}],"curies":[{"name":"wp","href":"https:\/\/api.w.org\/{rel}","templated":true}]}}