{"id":1523,"date":"2024-12-11T18:47:26","date_gmt":"2024-12-11T17:47:26","guid":{"rendered":"https:\/\/fisionicra.es\/?page_id=1523"},"modified":"2025-02-06T20:31:24","modified_gmt":"2025-02-06T19:31:24","slug":"servicios_externos","status":"publish","type":"page","link":"https:\/\/fisionicra.es\/gl\/servicios_externos\/","title":{"rendered":"Servizos externos"},"content":{"rendered":"<div data-elementor-type=\"wp-page\" data-elementor-id=\"1523\" class=\"elementor elementor-1523\">\n\t\t\t\t<div class=\"elementor-element elementor-element-588bbfba e-con-full e-flex e-con e-parent\" data-id=\"588bbfba\" data-element_type=\"container\" data-e-type=\"container\" data-settings=\"{&quot;background_background&quot;:&quot;classic&quot;}\">\n\t\t\t\t<\/div>\n\t\t\t\t<section class=\"elementor-section elementor-top-section elementor-element elementor-element-338fca18 elementor-section-boxed elementor-section-height-default elementor-section-height-default\" data-id=\"338fca18\" data-element_type=\"section\" data-e-type=\"section\">\n\t\t\t\t\t\t<div class=\"elementor-container elementor-column-gap-default\">\n\t\t\t\t\t<div class=\"elementor-column elementor-col-100 elementor-top-column elementor-element elementor-element-3b32bec5\" data-id=\"3b32bec5\" data-element_type=\"column\" data-e-type=\"column\">\n\t\t\t<div class=\"elementor-widget-wrap elementor-element-populated\">\n\t\t\t\t\t\t<div class=\"elementor-element elementor-element-7109cfb7 elementor-widget elementor-widget-heading\" data-id=\"7109cfb7\" data-element_type=\"widget\" data-e-type=\"widget\" data-widget_type=\"heading.default\">\n\t\t\t\t<div class=\"elementor-widget-container\">\n\t\t\t\t\t<h1 class=\"elementor-heading-title elementor-size-default\">Servizos externos<\/h1>\t\t\t\t<\/div>\n\t\t\t\t<\/div>\n\t\t\t\t\t<\/div>\n\t\t<\/div>\n\t\t\t\t\t<\/div>\n\t\t<\/section>\n\t\t\t\t<section class=\"elementor-section elementor-top-section elementor-element elementor-element-46a7272 elementor-section-boxed elementor-section-height-default elementor-section-height-default\" data-id=\"46a7272\" data-element_type=\"section\" data-e-type=\"section\">\n\t\t\t\t\t\t<div class=\"elementor-container elementor-column-gap-default\">\n\t\t\t\t\t<div class=\"elementor-column elementor-col-100 elementor-top-column elementor-element elementor-element-81dcfa9\" data-id=\"81dcfa9\" data-element_type=\"column\" data-e-type=\"column\">\n\t\t\t<div class=\"elementor-widget-wrap elementor-element-populated\">\n\t\t\t\t\t\t<div class=\"elementor-element elementor-element-e5dcc8b elementor-widget elementor-widget-text-editor\" data-id=\"e5dcc8b\" data-element_type=\"widget\" data-e-type=\"widget\" data-widget_type=\"text-editor.default\">\n\t\t\t\t<div class=\"elementor-widget-container\">\n\t\t\t\t\t\t\t\t\t<p>En nuestra cl\u00ednica, combinamos la fisioterapia, la nutrici\u00f3n y la psicolog\u00eda para ofrecer un enfoque integral que promueve la recuperaci\u00f3n f\u00edsica, el equilibrio emocional y un estilo de vida saludable.<\/p><p>Para pedir cita en psicolog\u00eda\/nutrici\u00f3n puedes contactar con:\u00a0<\/p><p><span style=\"text-decoration: underline;\"><strong>Psicolog\u00eda<\/strong><\/span>:<\/p><ul><li>Ianuavera, Roc\u00edo Mart\u00ednez Barca, colegiada G-6503.<\/li><li>Web: www.ianuaverapsicologia.es 613101691.<\/li><\/ul><p><span style=\"text-decoration: underline;\"><strong>Nutrici\u00f3n<\/strong><\/span>:<\/p><ul><li>Ana Sieiro. Colegiada GA00236.<\/li><li>699872034<\/li><\/ul>\t\t\t\t\t\t\t\t<\/div>\n\t\t\t\t<\/div>\n\t\t\t\t\t<\/div>\n\t\t<\/div>\n\t\t\t\t\t<\/div>\n\t\t<\/section>\n\t\t<div class=\"elementor-element elementor-element-4c942854 e-con-full e-flex e-con e-parent\" data-id=\"4c942854\" data-element_type=\"container\" data-e-type=\"container\" data-settings=\"{&quot;background_background&quot;:&quot;classic&quot;}\">\n\t\t\t\t<div class=\"elementor-element elementor-element-50b45315 elementor-widget elementor-widget-heading\" data-id=\"50b45315\" data-element_type=\"widget\" data-e-type=\"widget\" data-widget_type=\"heading.default\">\n\t\t\t\t<div class=\"elementor-widget-container\">\n\t\t\t\t\t<h4 class=\"elementor-heading-title elementor-size-default\">Reserva a t\u00faa cita<\/h4>\t\t\t\t<\/div>\n\t\t\t\t<\/div>\n\t\t\t\t<div class=\"elementor-element elementor-element-1522a44d elementor-widget__width-initial elementor-widget-mobile__width-inherit elementor-widget elementor-widget-text-editor\" data-id=\"1522a44d\" data-element_type=\"widget\" data-e-type=\"widget\" data-widget_type=\"text-editor.default\">\n\t\t\t\t<div class=\"elementor-widget-container\">\n\t\t\t\t\t\t\t\t\t<p>Si te interesa programar una con nosotros o informarte m\u00e1s sobre los servicios no dudes en contactarnos.<\/p>\t\t\t\t\t\t\t\t<\/div>\n\t\t\t\t<\/div>\n\t\t\t\t<div class=\"elementor-element elementor-element-6b0a68c elementor-align-center elementor-widget elementor-widget-button\" data-id=\"6b0a68c\" data-element_type=\"widget\" data-e-type=\"widget\" data-widget_type=\"button.default\">\n\t\t\t\t<div class=\"elementor-widget-container\">\n\t\t\t\t\t\t\t\t\t<div class=\"elementor-button-wrapper\">\n\t\t\t\t\t<a class=\"elementor-button elementor-button-link elementor-size-lg elementor-animation-grow\" href=\"\/gl\/contacto\/\">\n\t\t\t\t\t\t<span class=\"elementor-button-content-wrapper\">\n\t\t\t\t\t\t\t\t\t<span class=\"elementor-button-text\">Contactar<\/span>\n\t\t\t\t\t<\/span>\n\t\t\t\t\t<\/a>\n\t\t\t\t<\/div>\n\t\t\t\t\t\t\t\t<\/div>\n\t\t\t\t<\/div>\n\t\t\t\t<\/div>\n\t\t\t\t<\/div>","protected":false},"excerpt":{"rendered":"<p>Servicios externos En nuestra cl\u00ednica, combinamos la fisioterapia, la nutrici\u00f3n y la psicolog\u00eda para ofrecer un enfoque integral que promueve la recuperaci\u00f3n f\u00edsica, el equilibrio emocional y un estilo de vida saludable. Para pedir cita en psicolog\u00eda\/nutrici\u00f3n puedes contactar con:\u00a0 Psicolog\u00eda: Ianuavera, Roc\u00edo Mart\u00ednez Barca, colegiada G-6503. Web: www.ianuaverapsicologia.es 613101691. Nutrici\u00f3n: Ana Sieiro. Colegiada GA00236.&hellip;&nbsp;<a href=\"https:\/\/fisionicra.es\/gl\/servicios_externos\/\" rel=\"bookmark\">Read More &raquo;<span class=\"screen-reader-text\">Servizos externos<\/span><\/a><\/p>","protected":false},"author":1,"featured_media":1607,"parent":0,"menu_order":0,"comment_status":"closed","ping_status":"closed","template":"","meta":{"om_disable_all_campaigns":false,"_monsterinsights_skip_tracking":false,"_monsterinsights_sitenote_active":false,"_monsterinsights_sitenote_note":"","_monsterinsights_sitenote_category":0,"neve_meta_sidebar":"","neve_meta_container":"","neve_meta_enable_content_width":"","neve_meta_content_width":0,"neve_meta_title_alignment":"","neve_meta_author_avatar":"","neve_post_elements_order":"","neve_meta_disable_header":"","neve_meta_disable_footer":"","neve_meta_disable_title":"on","neve_meta_reading_time":"","_ti_tpc_template_sync":false,"_ti_tpc_template_id":"","footnotes":""},"class_list":["post-1523","page","type-page","status-publish","has-post-thumbnail","hentry"],"aioseo_notices":[],"_links":{"self":[{"href":"https:\/\/fisionicra.es\/gl\/wp-json\/wp\/v2\/pages\/1523","targetHints":{"allow":["GET"]}}],"collection":[{"href":"https:\/\/fisionicra.es\/gl\/wp-json\/wp\/v2\/pages"}],"about":[{"href":"https:\/\/fisionicra.es\/gl\/wp-json\/wp\/v2\/types\/page"}],"author":[{"embeddable":true,"href":"https:\/\/fisionicra.es\/gl\/wp-json\/wp\/v2\/users\/1"}],"replies":[{"embeddable":true,"href":"https:\/\/fisionicra.es\/gl\/wp-json\/wp\/v2\/comments?post=1523"}],"version-history":[{"count":11,"href":"https:\/\/fisionicra.es\/gl\/wp-json\/wp\/v2\/pages\/1523\/revisions"}],"predecessor-version":[{"id":1623,"href":"https:\/\/fisionicra.es\/gl\/wp-json\/wp\/v2\/pages\/1523\/revisions\/1623"}],"wp:featuredmedia":[{"embeddable":true,"href":"https:\/\/fisionicra.es\/gl\/wp-json\/wp\/v2\/media\/1607"}],"wp:attachment":[{"href":"https:\/\/fisionicra.es\/gl\/wp-json\/wp\/v2\/media?parent=1523"}],"curies":[{"name":"wp","href":"https:\/\/api.w.org\/{rel}","templated":true}]}}