{"id":1669,"date":"2025-11-19T19:00:08","date_gmt":"2025-11-19T18:00:08","guid":{"rendered":"https:\/\/fisionicra.es\/?page_id=1669"},"modified":"2025-11-20T08:31:19","modified_gmt":"2025-11-20T07:31:19","slug":"fisioterapia_y_osteopatia","status":"publish","type":"page","link":"https:\/\/fisionicra.es\/gl\/fisioterapia_y_osteopatia\/","title":{"rendered":"Fisioterapia y Osteopat\u00eda"},"content":{"rendered":"<div data-elementor-type=\"wp-page\" data-elementor-id=\"1669\" class=\"elementor elementor-1669\">\n\t\t\t\t<div class=\"elementor-element elementor-element-754c4313 e-con-full e-flex e-con e-parent\" data-id=\"754c4313\" data-element_type=\"container\" data-e-type=\"container\" data-settings=\"{&quot;background_background&quot;:&quot;video&quot;,&quot;background_video_link&quot;:&quot;https:\\\/\\\/storage.googleapis.com\\\/cajon_de_sastre_publico\\\/fisionicra\\\/fisioterapia_y_osteopatia.mp4&quot;}\">\n\t\t<div class=\"elementor-background-video-container elementor-hidden-mobile\">\n\t\t\t\t\t\t\t<video class=\"elementor-background-video-hosted\" role=\"presentation\" autoplay muted playsinline loop><\/video>\n\t\t\t\t\t<\/div>\t\t<\/div>\n\t\t\t\t<section class=\"elementor-section elementor-top-section elementor-element elementor-element-20584572 elementor-section-boxed elementor-section-height-default elementor-section-height-default\" data-id=\"20584572\" data-element_type=\"section\" data-e-type=\"section\">\n\t\t\t\t\t\t<div class=\"elementor-container elementor-column-gap-default\">\n\t\t\t\t\t<div class=\"elementor-column elementor-col-100 elementor-top-column elementor-element elementor-element-12d37e14\" data-id=\"12d37e14\" data-element_type=\"column\" data-e-type=\"column\">\n\t\t\t<div class=\"elementor-widget-wrap elementor-element-populated\">\n\t\t\t\t\t\t<div class=\"elementor-element elementor-element-4dc4890 elementor-widget elementor-widget-heading\" data-id=\"4dc4890\" data-element_type=\"widget\" data-e-type=\"widget\" data-widget_type=\"heading.default\">\n\t\t\t\t<div class=\"elementor-widget-container\">\n\t\t\t\t\t<h1 class=\"elementor-heading-title elementor-size-default\">Fisioterapia y Osteopat\u00eda<\/h1>\t\t\t\t<\/div>\n\t\t\t\t<\/div>\n\t\t\t\t\t<\/div>\n\t\t<\/div>\n\t\t\t\t\t<\/div>\n\t\t<\/section>\n\t\t\t\t<section class=\"elementor-section elementor-top-section elementor-element elementor-element-f0f614e elementor-section-boxed elementor-section-height-default elementor-section-height-default\" data-id=\"f0f614e\" data-element_type=\"section\" data-e-type=\"section\">\n\t\t\t\t\t\t<div class=\"elementor-container elementor-column-gap-default\">\n\t\t\t\t\t<div class=\"elementor-column elementor-col-100 elementor-top-column elementor-element elementor-element-ff39044\" data-id=\"ff39044\" data-element_type=\"column\" data-e-type=\"column\">\n\t\t\t<div class=\"elementor-widget-wrap elementor-element-populated\">\n\t\t\t\t\t\t<div class=\"elementor-element elementor-element-cbe20f2 elementor-widget elementor-widget-text-editor\" data-id=\"cbe20f2\" data-element_type=\"widget\" data-e-type=\"widget\" data-widget_type=\"text-editor.default\">\n\t\t\t\t<div class=\"elementor-widget-container\">\n\t\t\t\t\t\t\t\t\t<p>La fisioterapia est\u00e1 definida desde 1958 por la Organizaci\u00f3n Mundial de la Salud como :\u201dEl arte y la ciencia del tratamiento por medio del ejercicio terap\u00e9utico, calor, fr\u00edo, luz, agua, masaje y electricidad. Adem\u00e1s, la Fisioterapia incluye la ejecuci\u00f3n de pruebas el\u00e9ctricas y manuales para determinar el valor de la afectaci\u00f3n y fuerza muscular, pruebas para determinar las capacidades funcionales, la amplitud del movimiento<br \/>articular y medidas de la capacidad vital, as\u00ed como ayudas diagn\u00f3sticas para el control de la evoluci\u00f3n\u201d.<br \/>Por su parte, la Confederaci\u00f3n Mundial de la Fisioterapia la describe de la siguiente manera: \u00abLa Fisioterapia es el conjunto de m\u00e9todos, actuaciones y t\u00e9cnicas que, mediante la aplicaci\u00f3n de medios f\u00edsicos, curan previenen, recuperan y adaptan a personas afectadas de disfunciones som\u00e1ticas o a las que se desea mantener en un nivel adecuado de salud\u201d.<\/p>\t\t\t\t\t\t\t\t<\/div>\n\t\t\t\t<\/div>\n\t\t\t\t<div class=\"elementor-element elementor-element-3e6e00d elementor-widget elementor-widget-text-editor\" data-id=\"3e6e00d\" data-element_type=\"widget\" data-e-type=\"widget\" data-widget_type=\"text-editor.default\">\n\t\t\t\t<div class=\"elementor-widget-container\">\n\t\t\t\t\t\t\t\t\t<p>En <strong>Fisionicra<\/strong> contamos con las siguientes especialidades:<\/p><ul><li><strong>Traumatol\u00f3gica y deportiva<\/strong>: Es el tratamiento y rehabilitaci\u00f3n de las lesiones relacionadas con el sistema\u00a0 musculoesquel\u00e9tico, tales como\u00a0 tendinopat\u00edas, roturas musculares, hernias discales, artrosis, artritis, esguinces, luxaciones, fracturas\u2026<\/li><li><strong>Articulaci\u00f3n temporomandibular<\/strong>: Es la articulaci\u00f3n que conecta la mand\u00edbula con el cr\u00e1neo. Puede provocar dolores en la cara, mand\u00edbula, cuello, bruxismo, chasquidos o incluso bloqueos de la articulaci\u00f3n.<\/li><li><strong>Punci\u00f3n seca<\/strong>: Es una t\u00e9cnica invasiva que busca tratar los punto gatillos miofasciales para aliviar dolores y tensiones musculares.<\/li><li><strong>Traumatolog\u00eda deportiva<\/strong><\/li><li><strong>Osteopat\u00eda<\/strong><\/li><li><strong>Terapia manual<\/strong><\/li><li><strong>Punci\u00f3n seca<\/strong><\/li><li><strong>ATM<\/strong><\/li><li><strong>Drenaje linf\u00e1tico<\/strong><\/li><\/ul>\t\t\t\t\t\t\t\t<\/div>\n\t\t\t\t<\/div>\n\t\t\t\t\t<\/div>\n\t\t<\/div>\n\t\t\t\t\t<\/div>\n\t\t<\/section>\n\t\t<div class=\"elementor-element elementor-element-cbd223a e-flex e-con-boxed e-con e-parent\" data-id=\"cbd223a\" data-element_type=\"container\" data-e-type=\"container\">\n\t\t\t\t\t<div class=\"e-con-inner\">\n\t\t\t\t<div class=\"elementor-element elementor-element-7bf0bff elementor-widget elementor-widget-image-gallery\" data-id=\"7bf0bff\" data-element_type=\"widget\" data-e-type=\"widget\" data-widget_type=\"image-gallery.default\">\n\t\t\t\t<div class=\"elementor-widget-container\">\n\t\t\t\t\t\t\t<div class=\"elementor-image-gallery\">\n\t\t\t<div id='gallery-4' class='gallery galleryid-1669 gallery-columns-5 gallery-size-thumbnail'><figure class='gallery-item'>\n\t\t\t<div class='gallery-icon landscape'>\n\t\t\t\t<a data-elementor-open-lightbox=\"yes\" data-elementor-lightbox-slideshow=\"7bf0bff\" data-elementor-lightbox-title=\"DSC00253\" data-e-action-hash=\"#elementor-action%3Aaction%3Dlightbox%26settings%3DeyJpZCI6MTY1OCwidXJsIjoiaHR0cHM6XC9cL2Zpc2lvbmljcmEuZXNcL3dwLWNvbnRlbnRcL3VwbG9hZHNcLzIwMjVcLzExXC9EU0MwMDI1My1zY2FsZWQuanBnIiwic2xpZGVzaG93IjoiN2JmMGJmZiJ9\" href='https:\/\/fisionicra.es\/wp-content\/uploads\/2025\/11\/DSC00253-scaled.jpg'><img decoding=\"async\" width=\"150\" height=\"150\" src=\"https:\/\/fisionicra.es\/wp-content\/uploads\/2025\/11\/DSC00253-150x150.jpg\" class=\"attachment-thumbnail size-thumbnail\" alt=\"\" \/><\/a>\n\t\t\t<\/div><\/figure><figure class='gallery-item'>\n\t\t\t<div class='gallery-icon portrait'>\n\t\t\t\t<a data-elementor-open-lightbox=\"yes\" data-elementor-lightbox-slideshow=\"7bf0bff\" data-elementor-lightbox-title=\"DSC00254\" data-e-action-hash=\"#elementor-action%3Aaction%3Dlightbox%26settings%3DeyJpZCI6MTY3NCwidXJsIjoiaHR0cHM6XC9cL2Zpc2lvbmljcmEuZXNcL3dwLWNvbnRlbnRcL3VwbG9hZHNcLzIwMjVcLzExXC9EU0MwMDI1NC1zY2FsZWQuanBnIiwic2xpZGVzaG93IjoiN2JmMGJmZiJ9\" href='https:\/\/fisionicra.es\/wp-content\/uploads\/2025\/11\/DSC00254-scaled.jpg'><img decoding=\"async\" width=\"150\" height=\"150\" src=\"https:\/\/fisionicra.es\/wp-content\/uploads\/2025\/11\/DSC00254-150x150.jpg\" class=\"attachment-thumbnail size-thumbnail\" alt=\"\" \/><\/a>\n\t\t\t<\/div><\/figure><figure class='gallery-item'>\n\t\t\t<div class='gallery-icon landscape'>\n\t\t\t\t<a data-elementor-open-lightbox=\"yes\" data-elementor-lightbox-slideshow=\"7bf0bff\" data-elementor-lightbox-title=\"DSC00266\" data-e-action-hash=\"#elementor-action%3Aaction%3Dlightbox%26settings%3DeyJpZCI6MTY3NSwidXJsIjoiaHR0cHM6XC9cL2Zpc2lvbmljcmEuZXNcL3dwLWNvbnRlbnRcL3VwbG9hZHNcLzIwMjVcLzExXC9EU0MwMDI2Ni1zY2FsZWQuanBnIiwic2xpZGVzaG93IjoiN2JmMGJmZiJ9\" href='https:\/\/fisionicra.es\/wp-content\/uploads\/2025\/11\/DSC00266-scaled.jpg'><img decoding=\"async\" width=\"150\" height=\"150\" src=\"https:\/\/fisionicra.es\/wp-content\/uploads\/2025\/11\/DSC00266-150x150.jpg\" class=\"attachment-thumbnail size-thumbnail\" alt=\"\" \/><\/a>\n\t\t\t<\/div><\/figure><figure class='gallery-item'>\n\t\t\t<div class='gallery-icon landscape'>\n\t\t\t\t<a data-elementor-open-lightbox=\"yes\" data-elementor-lightbox-slideshow=\"7bf0bff\" data-elementor-lightbox-title=\"DSC00243\" data-e-action-hash=\"#elementor-action%3Aaction%3Dlightbox%26settings%3DeyJpZCI6MTY3OCwidXJsIjoiaHR0cHM6XC9cL2Zpc2lvbmljcmEuZXNcL3dwLWNvbnRlbnRcL3VwbG9hZHNcLzIwMjVcLzExXC9EU0MwMDI0My1zY2FsZWQuanBnIiwic2xpZGVzaG93IjoiN2JmMGJmZiJ9\" href='https:\/\/fisionicra.es\/wp-content\/uploads\/2025\/11\/DSC00243-scaled.jpg'><img loading=\"lazy\" decoding=\"async\" width=\"150\" height=\"150\" src=\"https:\/\/fisionicra.es\/wp-content\/uploads\/2025\/11\/DSC00243-150x150.jpg\" class=\"attachment-thumbnail size-thumbnail\" alt=\"\" \/><\/a>\n\t\t\t<\/div><\/figure><figure class='gallery-item'>\n\t\t\t<div class='gallery-icon landscape'>\n\t\t\t\t<a data-elementor-open-lightbox=\"yes\" data-elementor-lightbox-slideshow=\"7bf0bff\" data-elementor-lightbox-title=\"DSC00250\" data-e-action-hash=\"#elementor-action%3Aaction%3Dlightbox%26settings%3DeyJpZCI6MTY3OSwidXJsIjoiaHR0cHM6XC9cL2Zpc2lvbmljcmEuZXNcL3dwLWNvbnRlbnRcL3VwbG9hZHNcLzIwMjVcLzExXC9EU0MwMDI1MC1zY2FsZWQuanBnIiwic2xpZGVzaG93IjoiN2JmMGJmZiJ9\" href='https:\/\/fisionicra.es\/wp-content\/uploads\/2025\/11\/DSC00250-scaled.jpg'><img loading=\"lazy\" decoding=\"async\" width=\"150\" height=\"150\" src=\"https:\/\/fisionicra.es\/wp-content\/uploads\/2025\/11\/DSC00250-150x150.jpg\" class=\"attachment-thumbnail size-thumbnail\" alt=\"\" \/><\/a>\n\t\t\t<\/div><\/figure>\n\t\t<\/div>\n\t\t<\/div>\n\t\t\t\t\t\t<\/div>\n\t\t\t\t<\/div>\n\t\t\t\t\t<\/div>\n\t\t\t\t<\/div>\n\t\t<div class=\"elementor-element elementor-element-fc17949 e-con-full e-flex e-con e-parent\" data-id=\"fc17949\" data-element_type=\"container\" data-e-type=\"container\" data-settings=\"{&quot;background_background&quot;:&quot;classic&quot;}\">\n\t\t\t\t<div class=\"elementor-element elementor-element-f2939ae elementor-widget elementor-widget-heading\" data-id=\"f2939ae\" data-element_type=\"widget\" data-e-type=\"widget\" data-widget_type=\"heading.default\">\n\t\t\t\t<div class=\"elementor-widget-container\">\n\t\t\t\t\t<h4 class=\"elementor-heading-title elementor-size-default\">Reserva a t\u00faa cita<\/h4>\t\t\t\t<\/div>\n\t\t\t\t<\/div>\n\t\t\t\t<div class=\"elementor-element elementor-element-a04bf75 elementor-widget__width-initial elementor-widget-mobile__width-inherit elementor-widget elementor-widget-text-editor\" data-id=\"a04bf75\" data-element_type=\"widget\" data-e-type=\"widget\" data-widget_type=\"text-editor.default\">\n\t\t\t\t<div class=\"elementor-widget-container\">\n\t\t\t\t\t\t\t\t\t<p>Si te interesa programar una con nosotros o informarte m\u00e1s sobre los servicios no dudes en contactarnos.<\/p>\t\t\t\t\t\t\t\t<\/div>\n\t\t\t\t<\/div>\n\t\t\t\t<div class=\"elementor-element elementor-element-17d8688 elementor-align-center elementor-widget elementor-widget-button\" data-id=\"17d8688\" data-element_type=\"widget\" data-e-type=\"widget\" data-widget_type=\"button.default\">\n\t\t\t\t<div class=\"elementor-widget-container\">\n\t\t\t\t\t\t\t\t\t<div class=\"elementor-button-wrapper\">\n\t\t\t\t\t<a class=\"elementor-button elementor-button-link elementor-size-lg elementor-animation-grow\" href=\"\/gl\/contacto\/\">\n\t\t\t\t\t\t<span class=\"elementor-button-content-wrapper\">\n\t\t\t\t\t\t\t\t\t<span class=\"elementor-button-text\">Contactar<\/span>\n\t\t\t\t\t<\/span>\n\t\t\t\t\t<\/a>\n\t\t\t\t<\/div>\n\t\t\t\t\t\t\t\t<\/div>\n\t\t\t\t<\/div>\n\t\t\t\t<\/div>\n\t\t\t\t<\/div>","protected":false},"excerpt":{"rendered":"<p>Fisioterapia y Osteopat\u00eda La fisioterapia est\u00e1 definida desde 1958 por la Organizaci\u00f3n Mundial de la Salud como :\u201dEl arte y la ciencia del tratamiento por medio del ejercicio terap\u00e9utico, calor, fr\u00edo, luz, agua, masaje y electricidad. Adem\u00e1s, la Fisioterapia incluye la ejecuci\u00f3n de pruebas el\u00e9ctricas y manuales para determinar el valor de la afectaci\u00f3n y&hellip;&nbsp;<a href=\"https:\/\/fisionicra.es\/gl\/fisioterapia_y_osteopatia\/\" rel=\"bookmark\">Read More &raquo;<span class=\"screen-reader-text\">Fisioterapia y Osteopat\u00eda<\/span><\/a><\/p>","protected":false},"author":1,"featured_media":1607,"parent":0,"menu_order":0,"comment_status":"closed","ping_status":"closed","template":"","meta":{"om_disable_all_campaigns":false,"_monsterinsights_skip_tracking":false,"_monsterinsights_sitenote_active":false,"_monsterinsights_sitenote_note":"","_monsterinsights_sitenote_category":0,"neve_meta_sidebar":"","neve_meta_container":"","neve_meta_enable_content_width":"","neve_meta_content_width":0,"neve_meta_title_alignment":"","neve_meta_author_avatar":"","neve_post_elements_order":"","neve_meta_disable_header":"","neve_meta_disable_footer":"","neve_meta_disable_title":"on","neve_meta_reading_time":"","_ti_tpc_template_sync":false,"_ti_tpc_template_id":"","footnotes":""},"class_list":["post-1669","page","type-page","status-publish","has-post-thumbnail","hentry"],"aioseo_notices":[],"_links":{"self":[{"href":"https:\/\/fisionicra.es\/gl\/wp-json\/wp\/v2\/pages\/1669","targetHints":{"allow":["GET"]}}],"collection":[{"href":"https:\/\/fisionicra.es\/gl\/wp-json\/wp\/v2\/pages"}],"about":[{"href":"https:\/\/fisionicra.es\/gl\/wp-json\/wp\/v2\/types\/page"}],"author":[{"embeddable":true,"href":"https:\/\/fisionicra.es\/gl\/wp-json\/wp\/v2\/users\/1"}],"replies":[{"embeddable":true,"href":"https:\/\/fisionicra.es\/gl\/wp-json\/wp\/v2\/comments?post=1669"}],"version-history":[{"count":10,"href":"https:\/\/fisionicra.es\/gl\/wp-json\/wp\/v2\/pages\/1669\/revisions"}],"predecessor-version":[{"id":1739,"href":"https:\/\/fisionicra.es\/gl\/wp-json\/wp\/v2\/pages\/1669\/revisions\/1739"}],"wp:featuredmedia":[{"embeddable":true,"href":"https:\/\/fisionicra.es\/gl\/wp-json\/wp\/v2\/media\/1607"}],"wp:attachment":[{"href":"https:\/\/fisionicra.es\/gl\/wp-json\/wp\/v2\/media?parent=1669"}],"curies":[{"name":"wp","href":"https:\/\/api.w.org\/{rel}","templated":true}]}}