{"id":1687,"date":"2025-11-19T19:14:21","date_gmt":"2025-11-19T18:14:21","guid":{"rendered":"https:\/\/fisionicra.es\/?page_id=1687"},"modified":"2025-11-19T19:31:34","modified_gmt":"2025-11-19T18:31:34","slug":"fisioterapia_pediatrica","status":"publish","type":"page","link":"https:\/\/fisionicra.es\/gl\/fisioterapia_pediatrica\/","title":{"rendered":"Fisioterapia Pedi\u00e1trica"},"content":{"rendered":"<div data-elementor-type=\"wp-page\" data-elementor-id=\"1687\" class=\"elementor elementor-1687\">\n\t\t\t\t<div class=\"elementor-element elementor-element-754c4313 e-con-full e-flex e-con e-parent\" data-id=\"754c4313\" data-element_type=\"container\" data-e-type=\"container\" data-settings=\"{&quot;background_background&quot;:&quot;video&quot;,&quot;background_video_link&quot;:&quot;https:\\\/\\\/storage.googleapis.com\\\/cajon_de_sastre_publico\\\/fisionicra\\\/fisioterapia_pediatrica.mp4&quot;}\">\n\t\t<div class=\"elementor-background-video-container elementor-hidden-mobile\">\n\t\t\t\t\t\t\t<video class=\"elementor-background-video-hosted\" role=\"presentation\" autoplay muted playsinline loop><\/video>\n\t\t\t\t\t<\/div>\t\t<\/div>\n\t\t\t\t<section class=\"elementor-section elementor-top-section elementor-element elementor-element-20584572 elementor-section-boxed elementor-section-height-default elementor-section-height-default\" data-id=\"20584572\" data-element_type=\"section\" data-e-type=\"section\">\n\t\t\t\t\t\t<div class=\"elementor-container elementor-column-gap-default\">\n\t\t\t\t\t<div class=\"elementor-column elementor-col-100 elementor-top-column elementor-element elementor-element-12d37e14\" data-id=\"12d37e14\" data-element_type=\"column\" data-e-type=\"column\">\n\t\t\t<div class=\"elementor-widget-wrap elementor-element-populated\">\n\t\t\t\t\t\t<div class=\"elementor-element elementor-element-4dc4890 elementor-widget elementor-widget-heading\" data-id=\"4dc4890\" data-element_type=\"widget\" data-e-type=\"widget\" data-widget_type=\"heading.default\">\n\t\t\t\t<div class=\"elementor-widget-container\">\n\t\t\t\t\t<h1 class=\"elementor-heading-title elementor-size-default\">Fisioterapia Pedi\u00e1trica<\/h1>\t\t\t\t<\/div>\n\t\t\t\t<\/div>\n\t\t\t\t\t<\/div>\n\t\t<\/div>\n\t\t\t\t\t<\/div>\n\t\t<\/section>\n\t\t\t\t<section class=\"elementor-section elementor-top-section elementor-element elementor-element-f0f614e elementor-section-boxed elementor-section-height-default elementor-section-height-default\" data-id=\"f0f614e\" data-element_type=\"section\" data-e-type=\"section\">\n\t\t\t\t\t\t<div class=\"elementor-container elementor-column-gap-default\">\n\t\t\t\t\t<div class=\"elementor-column elementor-col-100 elementor-top-column elementor-element elementor-element-ff39044\" data-id=\"ff39044\" data-element_type=\"column\" data-e-type=\"column\">\n\t\t\t<div class=\"elementor-widget-wrap elementor-element-populated\">\n\t\t\t\t\t\t<div class=\"elementor-element elementor-element-3e6e00d elementor-widget elementor-widget-text-editor\" data-id=\"3e6e00d\" data-element_type=\"widget\" data-e-type=\"widget\" data-widget_type=\"text-editor.default\">\n\t\t\t\t<div class=\"elementor-widget-container\">\n\t\t\t\t\t\t\t\t\t<p>En <strong>Fisionicra<\/strong> contamos con las siguientes especialidades:<\/p><ul><li><strong>Fisioterapia traumatol\u00f3xica<\/strong>: Causada por tort\u00edcolis conx\u00e9nitas, distrofias musculares, secuelas tras fracturas, displasias de cadeira ou p\u00e9 zambo, as\u00ed como deformidades craneais como a plagiocefalia.<\/li><li><strong>Fisioterapia respiratoria<\/strong>: Para axudar a nenos de alto risco, otites, asma, alerxias ou bronquiolite.<\/li><li><strong>Desenvolvemento psicomotor<\/strong>: Estimulaci\u00f3n temper\u00e1 en nenos sans para favorecer o seu desenvolvemento motor. Tam\u00e9n para abordar atrasos na adquisici\u00f3n de fitos motores (gatear, cami\u00f1ar) e asimetr\u00edas posturais.<\/li><li><strong>Dixestivo<\/strong>: Manejo de problemas como o estrinximento, os c\u00f3licos do lactante e o refluxo gastroesof\u00e1xico.<\/li><li><strong>Preventivo e de seguimento<\/strong>: Acompa\u00f1amento a nenos prematuros ou a aqueles con risco de desenvolver problemas, para asegurar un desenvolvemento saudable e previr futuras lesi\u00f3ns.<\/li><\/ul>\t\t\t\t\t\t\t\t<\/div>\n\t\t\t\t<\/div>\n\t\t\t\t\t<\/div>\n\t\t<\/div>\n\t\t\t\t\t<\/div>\n\t\t<\/section>\n\t\t<div class=\"elementor-element elementor-element-9493444 e-flex e-con-boxed e-con e-parent\" data-id=\"9493444\" data-element_type=\"container\" data-e-type=\"container\">\n\t\t\t\t\t<div class=\"e-con-inner\">\n\t\t\t\t<div class=\"elementor-element elementor-element-fe66b4d elementor-widget elementor-widget-image-gallery\" data-id=\"fe66b4d\" data-element_type=\"widget\" data-e-type=\"widget\" data-widget_type=\"image-gallery.default\">\n\t\t\t\t<div class=\"elementor-widget-container\">\n\t\t\t\t\t\t\t<div class=\"elementor-image-gallery\">\n\t\t\t<div id='gallery-5' class='gallery galleryid-1687 gallery-columns-6 gallery-size-thumbnail'><figure class='gallery-item'>\n\t\t\t<div class='gallery-icon portrait'>\n\t\t\t\t<a data-elementor-open-lightbox=\"yes\" data-elementor-lightbox-slideshow=\"fe66b4d\" data-elementor-lightbox-title=\"DSC00219-Mejorado-NR\" data-e-action-hash=\"#elementor-action%3Aaction%3Dlightbox%26settings%3DeyJpZCI6MTcwMCwidXJsIjoiaHR0cHM6XC9cL2Zpc2lvbmljcmEuZXNcL3dwLWNvbnRlbnRcL3VwbG9hZHNcLzIwMjVcLzExXC9EU0MwMDIxOS1NZWpvcmFkby1OUi1zY2FsZWQuanBnIiwic2xpZGVzaG93IjoiZmU2NmI0ZCJ9\" href='https:\/\/fisionicra.es\/wp-content\/uploads\/2025\/11\/DSC00219-Mejorado-NR-scaled.jpg'><img decoding=\"async\" width=\"150\" height=\"150\" src=\"https:\/\/fisionicra.es\/wp-content\/uploads\/2025\/11\/DSC00219-Mejorado-NR-150x150.jpg\" class=\"attachment-thumbnail size-thumbnail\" alt=\"\" \/><\/a>\n\t\t\t<\/div><\/figure><figure class='gallery-item'>\n\t\t\t<div class='gallery-icon portrait'>\n\t\t\t\t<a data-elementor-open-lightbox=\"yes\" data-elementor-lightbox-slideshow=\"fe66b4d\" data-elementor-lightbox-title=\"DSC00193-Mejorado-NR\" data-e-action-hash=\"#elementor-action%3Aaction%3Dlightbox%26settings%3DeyJpZCI6MTY5OSwidXJsIjoiaHR0cHM6XC9cL2Zpc2lvbmljcmEuZXNcL3dwLWNvbnRlbnRcL3VwbG9hZHNcLzIwMjVcLzExXC9EU0MwMDE5My1NZWpvcmFkby1OUi1zY2FsZWQuanBnIiwic2xpZGVzaG93IjoiZmU2NmI0ZCJ9\" href='https:\/\/fisionicra.es\/wp-content\/uploads\/2025\/11\/DSC00193-Mejorado-NR-scaled.jpg'><img decoding=\"async\" width=\"150\" height=\"150\" src=\"https:\/\/fisionicra.es\/wp-content\/uploads\/2025\/11\/DSC00193-Mejorado-NR-150x150.jpg\" class=\"attachment-thumbnail size-thumbnail\" alt=\"\" \/><\/a>\n\t\t\t<\/div><\/figure><figure class='gallery-item'>\n\t\t\t<div class='gallery-icon portrait'>\n\t\t\t\t<a data-elementor-open-lightbox=\"yes\" data-elementor-lightbox-slideshow=\"fe66b4d\" data-elementor-lightbox-title=\"DSC00179-Mejorado-NR\" data-e-action-hash=\"#elementor-action%3Aaction%3Dlightbox%26settings%3DeyJpZCI6MTY5NywidXJsIjoiaHR0cHM6XC9cL2Zpc2lvbmljcmEuZXNcL3dwLWNvbnRlbnRcL3VwbG9hZHNcLzIwMjVcLzExXC9EU0MwMDE3OS1NZWpvcmFkby1OUi1zY2FsZWQuanBnIiwic2xpZGVzaG93IjoiZmU2NmI0ZCJ9\" href='https:\/\/fisionicra.es\/wp-content\/uploads\/2025\/11\/DSC00179-Mejorado-NR-scaled.jpg'><img decoding=\"async\" width=\"150\" height=\"150\" src=\"https:\/\/fisionicra.es\/wp-content\/uploads\/2025\/11\/DSC00179-Mejorado-NR-150x150.jpg\" class=\"attachment-thumbnail size-thumbnail\" alt=\"\" \/><\/a>\n\t\t\t<\/div><\/figure><figure class='gallery-item'>\n\t\t\t<div class='gallery-icon portrait'>\n\t\t\t\t<a data-elementor-open-lightbox=\"yes\" data-elementor-lightbox-slideshow=\"fe66b4d\" data-elementor-lightbox-title=\"DSC00172-Mejorado-NR\" data-e-action-hash=\"#elementor-action%3Aaction%3Dlightbox%26settings%3DeyJpZCI6MTY5NiwidXJsIjoiaHR0cHM6XC9cL2Zpc2lvbmljcmEuZXNcL3dwLWNvbnRlbnRcL3VwbG9hZHNcLzIwMjVcLzExXC9EU0MwMDE3Mi1NZWpvcmFkby1OUi1zY2FsZWQuanBnIiwic2xpZGVzaG93IjoiZmU2NmI0ZCJ9\" href='https:\/\/fisionicra.es\/wp-content\/uploads\/2025\/11\/DSC00172-Mejorado-NR-scaled.jpg'><img loading=\"lazy\" decoding=\"async\" width=\"150\" height=\"150\" src=\"https:\/\/fisionicra.es\/wp-content\/uploads\/2025\/11\/DSC00172-Mejorado-NR-150x150.jpg\" class=\"attachment-thumbnail size-thumbnail\" alt=\"\" \/><\/a>\n\t\t\t<\/div><\/figure><figure class='gallery-item'>\n\t\t\t<div class='gallery-icon portrait'>\n\t\t\t\t<a data-elementor-open-lightbox=\"yes\" data-elementor-lightbox-slideshow=\"fe66b4d\" data-elementor-lightbox-title=\"DSC00223-Mejorado-NR\" data-e-action-hash=\"#elementor-action%3Aaction%3Dlightbox%26settings%3DeyJpZCI6MTY5NSwidXJsIjoiaHR0cHM6XC9cL2Zpc2lvbmljcmEuZXNcL3dwLWNvbnRlbnRcL3VwbG9hZHNcLzIwMjVcLzExXC9EU0MwMDIyMy1NZWpvcmFkby1OUi1zY2FsZWQuanBnIiwic2xpZGVzaG93IjoiZmU2NmI0ZCJ9\" href='https:\/\/fisionicra.es\/wp-content\/uploads\/2025\/11\/DSC00223-Mejorado-NR-scaled.jpg'><img loading=\"lazy\" decoding=\"async\" width=\"150\" height=\"150\" src=\"https:\/\/fisionicra.es\/wp-content\/uploads\/2025\/11\/DSC00223-Mejorado-NR-150x150.jpg\" class=\"attachment-thumbnail size-thumbnail\" alt=\"\" \/><\/a>\n\t\t\t<\/div><\/figure><figure class='gallery-item'>\n\t\t\t<div class='gallery-icon portrait'>\n\t\t\t\t<a data-elementor-open-lightbox=\"yes\" data-elementor-lightbox-slideshow=\"fe66b4d\" data-elementor-lightbox-title=\"DSC00222-Mejorado-NR\" data-e-action-hash=\"#elementor-action%3Aaction%3Dlightbox%26settings%3DeyJpZCI6MTY5NCwidXJsIjoiaHR0cHM6XC9cL2Zpc2lvbmljcmEuZXNcL3dwLWNvbnRlbnRcL3VwbG9hZHNcLzIwMjVcLzExXC9EU0MwMDIyMi1NZWpvcmFkby1OUi1zY2FsZWQuanBnIiwic2xpZGVzaG93IjoiZmU2NmI0ZCJ9\" href='https:\/\/fisionicra.es\/wp-content\/uploads\/2025\/11\/DSC00222-Mejorado-NR-scaled.jpg'><img loading=\"lazy\" decoding=\"async\" width=\"150\" height=\"150\" src=\"https:\/\/fisionicra.es\/wp-content\/uploads\/2025\/11\/DSC00222-Mejorado-NR-150x150.jpg\" class=\"attachment-thumbnail size-thumbnail\" alt=\"\" \/><\/a>\n\t\t\t<\/div><\/figure>\n\t\t<\/div>\n\t\t<\/div>\n\t\t\t\t\t\t<\/div>\n\t\t\t\t<\/div>\n\t\t\t\t\t<\/div>\n\t\t\t\t<\/div>\n\t\t<div class=\"elementor-element elementor-element-fc17949 e-con-full e-flex e-con e-parent\" data-id=\"fc17949\" data-element_type=\"container\" data-e-type=\"container\" data-settings=\"{&quot;background_background&quot;:&quot;classic&quot;}\">\n\t\t\t\t<div class=\"elementor-element elementor-element-f2939ae elementor-widget elementor-widget-heading\" data-id=\"f2939ae\" data-element_type=\"widget\" data-e-type=\"widget\" data-widget_type=\"heading.default\">\n\t\t\t\t<div class=\"elementor-widget-container\">\n\t\t\t\t\t<h4 class=\"elementor-heading-title elementor-size-default\">Reserva a t\u00faa cita<\/h4>\t\t\t\t<\/div>\n\t\t\t\t<\/div>\n\t\t\t\t<div class=\"elementor-element elementor-element-a04bf75 elementor-widget__width-initial elementor-widget-mobile__width-inherit elementor-widget elementor-widget-text-editor\" data-id=\"a04bf75\" data-element_type=\"widget\" data-e-type=\"widget\" data-widget_type=\"text-editor.default\">\n\t\t\t\t<div class=\"elementor-widget-container\">\n\t\t\t\t\t\t\t\t\t<p>Si te interesa programar una con nosotros o informarte m\u00e1s sobre los servicios no dudes en contactarnos.<\/p>\t\t\t\t\t\t\t\t<\/div>\n\t\t\t\t<\/div>\n\t\t\t\t<div class=\"elementor-element elementor-element-17d8688 elementor-align-center elementor-widget elementor-widget-button\" data-id=\"17d8688\" data-element_type=\"widget\" data-e-type=\"widget\" data-widget_type=\"button.default\">\n\t\t\t\t<div class=\"elementor-widget-container\">\n\t\t\t\t\t\t\t\t\t<div class=\"elementor-button-wrapper\">\n\t\t\t\t\t<a class=\"elementor-button elementor-button-link elementor-size-lg elementor-animation-grow\" href=\"\/gl\/contacto\/\">\n\t\t\t\t\t\t<span class=\"elementor-button-content-wrapper\">\n\t\t\t\t\t\t\t\t\t<span class=\"elementor-button-text\">Contactar<\/span>\n\t\t\t\t\t<\/span>\n\t\t\t\t\t<\/a>\n\t\t\t\t<\/div>\n\t\t\t\t\t\t\t\t<\/div>\n\t\t\t\t<\/div>\n\t\t\t\t<\/div>\n\t\t\t\t<\/div>","protected":false},"excerpt":{"rendered":"<p>Fisioterapia Pedi\u00e1trica En Fisionicra contamos con las siguientes especialidades: Fisioterapia traumatol\u00f3gica: Causada por tort\u00edcolis cong\u00e9nitas, distrofias musculares, secuelas tras fracturas, displasias de cadera o pie zambo. As\u00ed como deformidades craneales como la Plagiocefalia. Fisioterapia respiratoria: Para ayudar a ni\u00f1os de alto riesgo, otitis, asma, alergias o bronquiolitis. Desarrollo psicomotor: Estimulaci\u00f3n temprana en ni\u00f1os sanos para&hellip;&nbsp;<a href=\"https:\/\/fisionicra.es\/gl\/fisioterapia_pediatrica\/\" rel=\"bookmark\">Read More &raquo;<span class=\"screen-reader-text\">Fisioterapia Pedi\u00e1trica<\/span><\/a><\/p>","protected":false},"author":1,"featured_media":1607,"parent":0,"menu_order":0,"comment_status":"closed","ping_status":"closed","template":"","meta":{"om_disable_all_campaigns":false,"_monsterinsights_skip_tracking":false,"_monsterinsights_sitenote_active":false,"_monsterinsights_sitenote_note":"","_monsterinsights_sitenote_category":0,"neve_meta_sidebar":"","neve_meta_container":"","neve_meta_enable_content_width":"","neve_meta_content_width":0,"neve_meta_title_alignment":"","neve_meta_author_avatar":"","neve_post_elements_order":"","neve_meta_disable_header":"","neve_meta_disable_footer":"","neve_meta_disable_title":"on","neve_meta_reading_time":"","_ti_tpc_template_sync":false,"_ti_tpc_template_id":"","footnotes":""},"class_list":["post-1687","page","type-page","status-publish","has-post-thumbnail","hentry"],"aioseo_notices":[],"_links":{"self":[{"href":"https:\/\/fisionicra.es\/gl\/wp-json\/wp\/v2\/pages\/1687","targetHints":{"allow":["GET"]}}],"collection":[{"href":"https:\/\/fisionicra.es\/gl\/wp-json\/wp\/v2\/pages"}],"about":[{"href":"https:\/\/fisionicra.es\/gl\/wp-json\/wp\/v2\/types\/page"}],"author":[{"embeddable":true,"href":"https:\/\/fisionicra.es\/gl\/wp-json\/wp\/v2\/users\/1"}],"replies":[{"embeddable":true,"href":"https:\/\/fisionicra.es\/gl\/wp-json\/wp\/v2\/comments?post=1687"}],"version-history":[{"count":10,"href":"https:\/\/fisionicra.es\/gl\/wp-json\/wp\/v2\/pages\/1687\/revisions"}],"predecessor-version":[{"id":1707,"href":"https:\/\/fisionicra.es\/gl\/wp-json\/wp\/v2\/pages\/1687\/revisions\/1707"}],"wp:featuredmedia":[{"embeddable":true,"href":"https:\/\/fisionicra.es\/gl\/wp-json\/wp\/v2\/media\/1607"}],"wp:attachment":[{"href":"https:\/\/fisionicra.es\/gl\/wp-json\/wp\/v2\/media?parent=1687"}],"curies":[{"name":"wp","href":"https:\/\/api.w.org\/{rel}","templated":true}]}}