{"id":1717,"date":"2025-11-19T19:56:51","date_gmt":"2025-11-19T18:56:51","guid":{"rendered":"https:\/\/fisionicra.es\/?page_id=1717"},"modified":"2025-11-20T09:03:14","modified_gmt":"2025-11-20T08:03:14","slug":"fisioterapia_obstretica_y_ginecologica","status":"publish","type":"page","link":"https:\/\/fisionicra.es\/gl\/fisioterapia_obstretica_y_ginecologica\/","title":{"rendered":"Fisioterapia Obstr\u00e9tica e Xinecol\u00f3xica"},"content":{"rendered":"<div data-elementor-type=\"wp-page\" data-elementor-id=\"1717\" class=\"elementor elementor-1717\">\n\t\t\t\t<div class=\"elementor-element elementor-element-754c4313 e-con-full e-flex e-con e-parent\" data-id=\"754c4313\" data-element_type=\"container\" data-e-type=\"container\" data-settings=\"{&quot;background_background&quot;:&quot;video&quot;,&quot;background_video_link&quot;:&quot;https:\\\/\\\/storage.googleapis.com\\\/cajon_de_sastre_publico\\\/fisionicra\\\/fisioterapia_obstretica_y_ginecologica.mp4&quot;}\">\n\t\t<div class=\"elementor-background-video-container elementor-hidden-mobile\">\n\t\t\t\t\t\t\t<video class=\"elementor-background-video-hosted\" role=\"presentation\" autoplay muted playsinline loop><\/video>\n\t\t\t\t\t<\/div>\t\t<\/div>\n\t\t\t\t<section class=\"elementor-section elementor-top-section elementor-element elementor-element-20584572 elementor-section-boxed elementor-section-height-default elementor-section-height-default\" data-id=\"20584572\" data-element_type=\"section\" data-e-type=\"section\">\n\t\t\t\t\t\t<div class=\"elementor-container elementor-column-gap-default\">\n\t\t\t\t\t<div class=\"elementor-column elementor-col-100 elementor-top-column elementor-element elementor-element-12d37e14\" data-id=\"12d37e14\" data-element_type=\"column\" data-e-type=\"column\">\n\t\t\t<div class=\"elementor-widget-wrap elementor-element-populated\">\n\t\t\t\t\t\t<div class=\"elementor-element elementor-element-4dc4890 elementor-widget elementor-widget-heading\" data-id=\"4dc4890\" data-element_type=\"widget\" data-e-type=\"widget\" data-widget_type=\"heading.default\">\n\t\t\t\t<div class=\"elementor-widget-container\">\n\t\t\t\t\t<h1 class=\"elementor-heading-title elementor-size-default\">Fisioterapia Obstr\u00e9tica e Xinecol\u00f3xica<\/h1>\t\t\t\t<\/div>\n\t\t\t\t<\/div>\n\t\t\t\t\t<\/div>\n\t\t<\/div>\n\t\t\t\t\t<\/div>\n\t\t<\/section>\n\t\t\t\t<section class=\"elementor-section elementor-top-section elementor-element elementor-element-f0f614e elementor-section-boxed elementor-section-height-default elementor-section-height-default\" data-id=\"f0f614e\" data-element_type=\"section\" data-e-type=\"section\">\n\t\t\t\t\t\t<div class=\"elementor-container elementor-column-gap-default\">\n\t\t\t\t\t<div class=\"elementor-column elementor-col-100 elementor-top-column elementor-element elementor-element-ff39044\" data-id=\"ff39044\" data-element_type=\"column\" data-e-type=\"column\">\n\t\t\t<div class=\"elementor-widget-wrap elementor-element-populated\">\n\t\t\t\t\t\t<div class=\"elementor-element elementor-element-3e6e00d elementor-widget elementor-widget-text-editor\" data-id=\"3e6e00d\" data-element_type=\"widget\" data-e-type=\"widget\" data-widget_type=\"text-editor.default\">\n\t\t\t\t<div class=\"elementor-widget-container\">\n\t\t\t\t\t\t\t\t\t<p>\u00c1mbitos da fisioterapia xinecol\u00f3xica:<\/p>\n<ul>\n<li><strong>Embarazo<\/strong>: Abarca a preparaci\u00f3n do corpo da muller para o parto e a prevenci\u00f3n de dores lumbares, dorsais, de cadeira e pubis. A persoa fisioterapeuta pode ensinar\nexercicios, posturas para a dilataci\u00f3n e t\u00e9cnicas como a masaxe perineal para elastificar os tecidos do <b>suelo p\u00e9lvico<\/b>.<\/li>\n<li><strong>Postparto<\/strong>: Enf\u00f3case na recuperaci\u00f3n da musculatura e do <b>suelo p\u00e9lvico<\/b> tras o parto (sexan vaginais ou por ces\u00e1rea). Aborda problemas como a incontinencia urinaria ou fecal, a dor p\u00e9lvica, a di\u00e1stase abdominal e a recuperaci\u00f3n de cicatrices.<\/li>\n<li><strong>Disfunci\u00f3ns urinarias<\/strong>: Trata problemas como a incontinencia urinaria de esforzo, de urxencia ou mixta. A trav\u00e9s de exercicios e reeducaci\u00f3n, b\u00fascase fortalecer a musculatura do <b>suelo p\u00e9lvico<\/b> para mellorar o control da vexiga.<br><b>Prolapsos de \u00f3rganos p\u00e9lvicos<\/b>: C\u00e9ntrase no descenso dos \u00f3rganos p\u00e9lvicos,\ncomo a vexiga, o \u00fatero ou o recto, e en aliviar s\u00edntomas asociados como a sensaci\u00f3n de pesadez ou a incontinencia.<\/li>\n<li><b>Endometriose<\/b>: A\u00ednda que non cura a enfermidade, a fisioterapia axuda a aliviar e\ncontrolar a dor cr\u00f3nica e a inflamaci\u00f3n asociadas \u00e1 endometriose mediante\nt\u00e9cnicas como a masaxe e a radiofrecuencia.<\/li>\n<li><b>Disfunci\u00f3ns sexuais<\/b>: Axuda a tratar problemas como a dor durante as relaci\u00f3ns sexuais (dispareunia), a dor vaxinal ou a falta de sensibilidade, buscando normalizar o ton muscular e mellorar a elasticidade dos tecidos.<\/li>\n<li><b>Menopausa<\/b>: Ofrece unha avaliaci\u00f3n do estado do <b>suelo p\u00e9lvico<\/b>, da postura e da mobilidade dos \u00f3rganos internos para mellorar a calidade de vida e previr patolox\u00edas a longo prazo.<\/li>\n<li><b>Rehabilitaci\u00f3n de cicatrices<\/b>: Trata cicatrices resultantes de cirurx\u00edas abdominais, ces\u00e1reas ou episiotom\u00edas para mellorar a sensibilidade, reducir a dor e previr futuras patolox\u00edas.<\/li>\n<\/ul>\t\t\t\t\t\t\t\t<\/div>\n\t\t\t\t<\/div>\n\t\t\t\t\t<\/div>\n\t\t<\/div>\n\t\t\t\t\t<\/div>\n\t\t<\/section>\n\t\t<div class=\"elementor-element elementor-element-e1abd7e e-flex e-con-boxed e-con e-parent\" data-id=\"e1abd7e\" data-element_type=\"container\" data-e-type=\"container\">\n\t\t\t\t\t<div class=\"e-con-inner\">\n\t\t<div class=\"elementor-element elementor-element-5183c1a e-con-full e-flex e-con e-child\" data-id=\"5183c1a\" data-element_type=\"container\" data-e-type=\"container\">\n\t\t\t\t<div class=\"elementor-element elementor-element-28ea1f3 elementor-widget elementor-widget-image\" data-id=\"28ea1f3\" data-element_type=\"widget\" data-e-type=\"widget\" data-widget_type=\"image.default\">\n\t\t\t\t<div class=\"elementor-widget-container\">\n\t\t\t\t\t\t\t\t\t\t\t\t\t\t\t<img fetchpriority=\"high\" decoding=\"async\" width=\"1024\" height=\"683\" src=\"https:\/\/fisionicra.es\/wp-content\/uploads\/2025\/11\/DSC00329-1024x683.jpg\" class=\"attachment-large size-large wp-image-1726\" alt=\"\" srcset=\"https:\/\/fisionicra.es\/wp-content\/uploads\/2025\/11\/DSC00329-1024x683.jpg 1024w, https:\/\/fisionicra.es\/wp-content\/uploads\/2025\/11\/DSC00329-300x200.jpg 300w, https:\/\/fisionicra.es\/wp-content\/uploads\/2025\/11\/DSC00329-768x512.jpg 768w, https:\/\/fisionicra.es\/wp-content\/uploads\/2025\/11\/DSC00329-1536x1024.jpg 1536w, https:\/\/fisionicra.es\/wp-content\/uploads\/2025\/11\/DSC00329-2048x1365.jpg 2048w, https:\/\/fisionicra.es\/wp-content\/uploads\/2025\/11\/DSC00329-18x12.jpg 18w, https:\/\/fisionicra.es\/wp-content\/uploads\/2025\/11\/DSC00329-930x620.jpg 930w\" sizes=\"(max-width: 1024px) 100vw, 1024px\" \/>\t\t\t\t\t\t\t\t\t\t\t\t\t\t\t<\/div>\n\t\t\t\t<\/div>\n\t\t\t\t<\/div>\n\t\t<div class=\"elementor-element elementor-element-09fb74e e-con-full e-flex e-con e-child\" data-id=\"09fb74e\" data-element_type=\"container\" data-e-type=\"container\">\n\t\t\t\t<div class=\"elementor-element elementor-element-57a804e elementor-widget elementor-widget-image\" data-id=\"57a804e\" data-element_type=\"widget\" data-e-type=\"widget\" data-widget_type=\"image.default\">\n\t\t\t\t<div class=\"elementor-widget-container\">\n\t\t\t\t\t\t\t\t\t\t\t\t\t\t\t\t<a href=\"https:\/\/fisionicra.es\/wp-content\/uploads\/2025\/11\/DSC00243-scaled.jpg\" data-elementor-open-lightbox=\"yes\" data-elementor-lightbox-title=\"DSC00243\" data-e-action-hash=\"#elementor-action%3Aaction%3Dlightbox%26settings%3DeyJpZCI6MTY3OCwidXJsIjoiaHR0cHM6XC9cL2Zpc2lvbmljcmEuZXNcL3dwLWNvbnRlbnRcL3VwbG9hZHNcLzIwMjVcLzExXC9EU0MwMDI0My1zY2FsZWQuanBnIn0%3D\">\n\t\t\t\t\t\t\t<img decoding=\"async\" width=\"1024\" height=\"683\" src=\"https:\/\/fisionicra.es\/wp-content\/uploads\/2025\/11\/DSC00243-1024x683.jpg\" class=\"attachment-large size-large wp-image-1678\" alt=\"\" srcset=\"https:\/\/fisionicra.es\/wp-content\/uploads\/2025\/11\/DSC00243-1024x683.jpg 1024w, https:\/\/fisionicra.es\/wp-content\/uploads\/2025\/11\/DSC00243-300x200.jpg 300w, https:\/\/fisionicra.es\/wp-content\/uploads\/2025\/11\/DSC00243-768x512.jpg 768w, https:\/\/fisionicra.es\/wp-content\/uploads\/2025\/11\/DSC00243-1536x1024.jpg 1536w, https:\/\/fisionicra.es\/wp-content\/uploads\/2025\/11\/DSC00243-2048x1365.jpg 2048w, https:\/\/fisionicra.es\/wp-content\/uploads\/2025\/11\/DSC00243-18x12.jpg 18w, https:\/\/fisionicra.es\/wp-content\/uploads\/2025\/11\/DSC00243-930x620.jpg 930w\" sizes=\"(max-width: 1024px) 100vw, 1024px\" \/>\t\t\t\t\t\t\t\t<\/a>\n\t\t\t\t\t\t\t\t\t\t\t\t\t\t\t<\/div>\n\t\t\t\t<\/div>\n\t\t\t\t<\/div>\n\t\t<div class=\"elementor-element elementor-element-33c8bad e-con-full e-flex e-con e-child\" data-id=\"33c8bad\" data-element_type=\"container\" data-e-type=\"container\">\n\t\t\t\t<div class=\"elementor-element elementor-element-bc9243b elementor-widget elementor-widget-image\" data-id=\"bc9243b\" data-element_type=\"widget\" data-e-type=\"widget\" data-widget_type=\"image.default\">\n\t\t\t\t<div class=\"elementor-widget-container\">\n\t\t\t\t\t\t\t\t\t\t\t\t\t\t\t<img decoding=\"async\" width=\"1024\" height=\"683\" src=\"https:\/\/fisionicra.es\/wp-content\/uploads\/2025\/11\/DSC00250-1024x683.jpg\" class=\"attachment-large size-large wp-image-1679\" alt=\"\" srcset=\"https:\/\/fisionicra.es\/wp-content\/uploads\/2025\/11\/DSC00250-1024x683.jpg 1024w, https:\/\/fisionicra.es\/wp-content\/uploads\/2025\/11\/DSC00250-300x200.jpg 300w, https:\/\/fisionicra.es\/wp-content\/uploads\/2025\/11\/DSC00250-768x512.jpg 768w, https:\/\/fisionicra.es\/wp-content\/uploads\/2025\/11\/DSC00250-1536x1024.jpg 1536w, https:\/\/fisionicra.es\/wp-content\/uploads\/2025\/11\/DSC00250-2048x1365.jpg 2048w, https:\/\/fisionicra.es\/wp-content\/uploads\/2025\/11\/DSC00250-18x12.jpg 18w, https:\/\/fisionicra.es\/wp-content\/uploads\/2025\/11\/DSC00250-930x620.jpg 930w\" sizes=\"(max-width: 1024px) 100vw, 1024px\" \/>\t\t\t\t\t\t\t\t\t\t\t\t\t\t\t<\/div>\n\t\t\t\t<\/div>\n\t\t\t\t<\/div>\n\t\t<div class=\"elementor-element elementor-element-fd3ea6e e-con-full e-flex e-con e-child\" data-id=\"fd3ea6e\" data-element_type=\"container\" data-e-type=\"container\">\n\t\t\t\t<div class=\"elementor-element elementor-element-aa41a9d elementor-widget elementor-widget-image\" data-id=\"aa41a9d\" data-element_type=\"widget\" data-e-type=\"widget\" data-widget_type=\"image.default\">\n\t\t\t\t<div class=\"elementor-widget-container\">\n\t\t\t\t\t\t\t\t\t\t\t\t\t\t\t<img loading=\"lazy\" decoding=\"async\" width=\"1024\" height=\"683\" src=\"https:\/\/fisionicra.es\/wp-content\/uploads\/2025\/11\/DSC00253-1-1024x683.jpg\" class=\"attachment-large size-large wp-image-1680\" alt=\"\" srcset=\"https:\/\/fisionicra.es\/wp-content\/uploads\/2025\/11\/DSC00253-1-1024x683.jpg 1024w, https:\/\/fisionicra.es\/wp-content\/uploads\/2025\/11\/DSC00253-1-300x200.jpg 300w, https:\/\/fisionicra.es\/wp-content\/uploads\/2025\/11\/DSC00253-1-768x512.jpg 768w, https:\/\/fisionicra.es\/wp-content\/uploads\/2025\/11\/DSC00253-1-1536x1024.jpg 1536w, https:\/\/fisionicra.es\/wp-content\/uploads\/2025\/11\/DSC00253-1-2048x1365.jpg 2048w, https:\/\/fisionicra.es\/wp-content\/uploads\/2025\/11\/DSC00253-1-18x12.jpg 18w, https:\/\/fisionicra.es\/wp-content\/uploads\/2025\/11\/DSC00253-1-930x620.jpg 930w\" sizes=\"(max-width: 1024px) 100vw, 1024px\" \/>\t\t\t\t\t\t\t\t\t\t\t\t\t\t\t<\/div>\n\t\t\t\t<\/div>\n\t\t\t\t<\/div>\n\t\t\t\t\t<\/div>\n\t\t\t\t<\/div>\n\t\t<div class=\"elementor-element elementor-element-fc17949 e-con-full e-flex e-con e-parent\" data-id=\"fc17949\" data-element_type=\"container\" data-e-type=\"container\" data-settings=\"{&quot;background_background&quot;:&quot;classic&quot;}\">\n\t\t\t\t<div class=\"elementor-element elementor-element-f2939ae elementor-widget elementor-widget-heading\" data-id=\"f2939ae\" data-element_type=\"widget\" data-e-type=\"widget\" data-widget_type=\"heading.default\">\n\t\t\t\t<div class=\"elementor-widget-container\">\n\t\t\t\t\t<h4 class=\"elementor-heading-title elementor-size-default\">Reserva a t\u00faa cita<\/h4>\t\t\t\t<\/div>\n\t\t\t\t<\/div>\n\t\t\t\t<div class=\"elementor-element elementor-element-a04bf75 elementor-widget__width-initial elementor-widget-mobile__width-inherit elementor-widget elementor-widget-text-editor\" data-id=\"a04bf75\" data-element_type=\"widget\" data-e-type=\"widget\" data-widget_type=\"text-editor.default\">\n\t\t\t\t<div class=\"elementor-widget-container\">\n\t\t\t\t\t\t\t\t\t<p>Si te interesa programar una con nosotros o informarte m\u00e1s sobre los servicios no dudes en contactarnos.<\/p>\t\t\t\t\t\t\t\t<\/div>\n\t\t\t\t<\/div>\n\t\t\t\t<div class=\"elementor-element elementor-element-17d8688 elementor-align-center elementor-widget elementor-widget-button\" data-id=\"17d8688\" data-element_type=\"widget\" data-e-type=\"widget\" data-widget_type=\"button.default\">\n\t\t\t\t<div class=\"elementor-widget-container\">\n\t\t\t\t\t\t\t\t\t<div class=\"elementor-button-wrapper\">\n\t\t\t\t\t<a class=\"elementor-button elementor-button-link elementor-size-lg elementor-animation-grow\" href=\"\/gl\/contacto\/\">\n\t\t\t\t\t\t<span class=\"elementor-button-content-wrapper\">\n\t\t\t\t\t\t\t\t\t<span class=\"elementor-button-text\">Contactar<\/span>\n\t\t\t\t\t<\/span>\n\t\t\t\t\t<\/a>\n\t\t\t\t<\/div>\n\t\t\t\t\t\t\t\t<\/div>\n\t\t\t\t<\/div>\n\t\t\t\t<\/div>\n\t\t\t\t<\/div>","protected":false},"excerpt":{"rendered":"<p>Fisioterapia Obstr\u00e9tica y Ginecol\u00f3gica \u00c1mbitos de la fisioterapia ginecol\u00f3gica: Embarazo: Abarca la preparaci\u00f3n del cuerpo de la mujer para el parto y la prevenci\u00f3n de dolores lumbares, dorsales, de cadera y pubis. El fisioterapeuta puede ense\u00f1ar ejercicios, posturas para la dilataci\u00f3n y t\u00e9cnicas como el masaje perineal para elastificar los tejidos del suelo p\u00e9lvico. Postparto:&hellip;&nbsp;<a href=\"https:\/\/fisionicra.es\/gl\/fisioterapia_obstretica_y_ginecologica\/\" rel=\"bookmark\">Read More &raquo;<span class=\"screen-reader-text\">Fisioterapia Obstr\u00e9tica e Xinecol\u00f3xica<\/span><\/a><\/p>","protected":false},"author":1,"featured_media":1607,"parent":0,"menu_order":0,"comment_status":"closed","ping_status":"closed","template":"","meta":{"om_disable_all_campaigns":false,"_monsterinsights_skip_tracking":false,"_monsterinsights_sitenote_active":false,"_monsterinsights_sitenote_note":"","_monsterinsights_sitenote_category":0,"neve_meta_sidebar":"","neve_meta_container":"","neve_meta_enable_content_width":"","neve_meta_content_width":0,"neve_meta_title_alignment":"","neve_meta_author_avatar":"","neve_post_elements_order":"","neve_meta_disable_header":"","neve_meta_disable_footer":"","neve_meta_disable_title":"on","neve_meta_reading_time":"","_ti_tpc_template_sync":false,"_ti_tpc_template_id":"","footnotes":""},"class_list":["post-1717","page","type-page","status-publish","has-post-thumbnail","hentry"],"aioseo_notices":[],"_links":{"self":[{"href":"https:\/\/fisionicra.es\/gl\/wp-json\/wp\/v2\/pages\/1717","targetHints":{"allow":["GET"]}}],"collection":[{"href":"https:\/\/fisionicra.es\/gl\/wp-json\/wp\/v2\/pages"}],"about":[{"href":"https:\/\/fisionicra.es\/gl\/wp-json\/wp\/v2\/types\/page"}],"author":[{"embeddable":true,"href":"https:\/\/fisionicra.es\/gl\/wp-json\/wp\/v2\/users\/1"}],"replies":[{"embeddable":true,"href":"https:\/\/fisionicra.es\/gl\/wp-json\/wp\/v2\/comments?post=1717"}],"version-history":[{"count":7,"href":"https:\/\/fisionicra.es\/gl\/wp-json\/wp\/v2\/pages\/1717\/revisions"}],"predecessor-version":[{"id":1786,"href":"https:\/\/fisionicra.es\/gl\/wp-json\/wp\/v2\/pages\/1717\/revisions\/1786"}],"wp:featuredmedia":[{"embeddable":true,"href":"https:\/\/fisionicra.es\/gl\/wp-json\/wp\/v2\/media\/1607"}],"wp:attachment":[{"href":"https:\/\/fisionicra.es\/gl\/wp-json\/wp\/v2\/media?parent=1717"}],"curies":[{"name":"wp","href":"https:\/\/api.w.org\/{rel}","templated":true}]}}