{"id":658,"date":"2023-11-14T11:37:51","date_gmt":"2023-11-14T10:37:51","guid":{"rendered":"https:\/\/fisionicra.es\/?page_id=658"},"modified":"2025-11-20T18:45:48","modified_gmt":"2025-11-20T17:45:48","slug":"equipo","status":"publish","type":"page","link":"https:\/\/fisionicra.es\/gl\/equipo\/","title":{"rendered":"Equipo"},"content":{"rendered":"<div data-elementor-type=\"wp-page\" data-elementor-id=\"658\" class=\"elementor elementor-658\">\n\t\t\t\t<div class=\"elementor-element elementor-element-aa54196 e-flex e-con-boxed e-con e-parent\" data-id=\"aa54196\" data-element_type=\"container\" data-e-type=\"container\" data-settings=\"{&quot;background_background&quot;:&quot;classic&quot;}\">\n\t\t\t\t\t<div class=\"e-con-inner\">\n\t\t\t\t<div class=\"elementor-element elementor-element-61c25533 elementor-widget elementor-widget-heading\" data-id=\"61c25533\" data-element_type=\"widget\" data-e-type=\"widget\" data-widget_type=\"heading.default\">\n\t\t\t\t<div class=\"elementor-widget-container\">\n\t\t\t\t\t<h4 class=\"elementor-heading-title elementor-size-default\">Equipo<\/h4>\t\t\t\t<\/div>\n\t\t\t\t<\/div>\n\t\t\t\t<div class=\"elementor-element elementor-element-2f44e8f5 elementor-widget elementor-widget-heading\" data-id=\"2f44e8f5\" data-element_type=\"widget\" data-e-type=\"widget\" data-widget_type=\"heading.default\">\n\t\t\t\t<div class=\"elementor-widget-container\">\n\t\t\t\t\t<h1 class=\"elementor-heading-title elementor-size-default\">Fisionicra<\/h1>\t\t\t\t<\/div>\n\t\t\t\t<\/div>\n\t\t\t\t<div class=\"elementor-element elementor-element-7fe253f6 elementor-widget elementor-widget-heading\" data-id=\"7fe253f6\" data-element_type=\"widget\" data-e-type=\"widget\" data-widget_type=\"heading.default\">\n\t\t\t\t<div class=\"elementor-widget-container\">\n\t\t\t\t\t<h5 class=\"elementor-heading-title elementor-size-default\">Altamente cualificado e con anos de experiencia e formaci\u00f3n continua<\/h5>\t\t\t\t<\/div>\n\t\t\t\t<\/div>\n\t\t\t\t\t<\/div>\n\t\t\t\t<\/div>\n\t\t<div class=\"elementor-element elementor-element-50acf26 e-flex e-con-boxed e-con e-parent\" data-id=\"50acf26\" data-element_type=\"container\" data-e-type=\"container\" data-settings=\"{&quot;background_background&quot;:&quot;classic&quot;}\">\n\t\t\t\t\t<div class=\"e-con-inner\">\n\t\t<div class=\"elementor-element elementor-element-4af6d32 e-con-full e-flex e-con e-child\" data-id=\"4af6d32\" data-element_type=\"container\" data-e-type=\"container\">\n\t\t\t\t<div class=\"elementor-element elementor-element-35df68c elementor-invisible elementor-widget elementor-widget-image\" data-id=\"35df68c\" data-element_type=\"widget\" data-e-type=\"widget\" data-settings=\"{&quot;_animation&quot;:&quot;fadeIn&quot;}\" data-widget_type=\"image.default\">\n\t\t\t\t<div class=\"elementor-widget-container\">\n\t\t\t\t\t\t\t\t\t\t\t\t\t\t\t<img fetchpriority=\"high\" decoding=\"async\" width=\"768\" height=\"512\" src=\"https:\/\/fisionicra.es\/wp-content\/uploads\/2025\/01\/foto_grupal_fisionicra-768x512.jpg\" class=\"attachment-medium_large size-medium_large wp-image-1579\" alt=\"\" srcset=\"https:\/\/fisionicra.es\/wp-content\/uploads\/2025\/01\/foto_grupal_fisionicra-768x512.jpg 768w, https:\/\/fisionicra.es\/wp-content\/uploads\/2025\/01\/foto_grupal_fisionicra-300x200.jpg 300w, https:\/\/fisionicra.es\/wp-content\/uploads\/2025\/01\/foto_grupal_fisionicra-1024x683.jpg 1024w, https:\/\/fisionicra.es\/wp-content\/uploads\/2025\/01\/foto_grupal_fisionicra-1536x1024.jpg 1536w, https:\/\/fisionicra.es\/wp-content\/uploads\/2025\/01\/foto_grupal_fisionicra-2048x1365.jpg 2048w, https:\/\/fisionicra.es\/wp-content\/uploads\/2025\/01\/foto_grupal_fisionicra-18x12.jpg 18w, https:\/\/fisionicra.es\/wp-content\/uploads\/2025\/01\/foto_grupal_fisionicra-930x620.jpg 930w\" sizes=\"(max-width: 768px) 100vw, 768px\" \/>\t\t\t\t\t\t\t\t\t\t\t\t\t\t\t<\/div>\n\t\t\t\t<\/div>\n\t\t\t\t<\/div>\n\t\t<div class=\"elementor-element elementor-element-886ab33 e-con-full e-flex e-con e-child\" data-id=\"886ab33\" data-element_type=\"container\" data-e-type=\"container\">\n\t\t\t\t<div class=\"elementor-element elementor-element-baee7c1 elementor-widget elementor-widget-heading\" data-id=\"baee7c1\" data-element_type=\"widget\" data-e-type=\"widget\" data-widget_type=\"heading.default\">\n\t\t\t\t<div class=\"elementor-widget-container\">\n\t\t\t\t\t<h4 class=\"elementor-heading-title elementor-size-default\">En <b>Fisionicra<\/b> contamos con un equipo de fisioterapeutas altamente cualificados, con a\u00f1os de experiencia y en constante formaci\u00f3n. Cada miembro del equipo combina a\u00f1os de experiencia con\nuna formaci\u00f3n continua para ofrecerte siempre un tratamiento personalizado, efectivo y actualizado.<br><br>\nEstamos orgullosos de ofrecer unha atenci\u00f3n pr\u00f3xima, profesional e dirixida para mellorar a s\u00faa sa\u00fade.<\/h4>\t\t\t\t<\/div>\n\t\t\t\t<\/div>\n\t\t\t\t<\/div>\n\t\t\t\t\t<\/div>\n\t\t\t\t<\/div>\n\t\t<div class=\"elementor-element elementor-element-b8c6082 e-flex e-con-boxed e-con e-parent\" data-id=\"b8c6082\" data-element_type=\"container\" data-e-type=\"container\">\n\t\t\t\t\t<div class=\"e-con-inner\">\n\t\t<div class=\"elementor-element elementor-element-9ca9755 e-con-full e-flex e-con e-child\" data-id=\"9ca9755\" data-element_type=\"container\" data-e-type=\"container\" data-settings=\"{&quot;background_background&quot;:&quot;slideshow&quot;,&quot;background_slideshow_gallery&quot;:[],&quot;background_slideshow_loop&quot;:&quot;yes&quot;,&quot;background_slideshow_slide_duration&quot;:5000,&quot;background_slideshow_slide_transition&quot;:&quot;fade&quot;,&quot;background_slideshow_transition_duration&quot;:500}\">\n\t\t\t\t<div class=\"elementor-element elementor-element-13ad667 elementor-widget__width-auto elementor-widget elementor-widget-image\" data-id=\"13ad667\" data-element_type=\"widget\" data-e-type=\"widget\" data-widget_type=\"image.default\">\n\t\t\t\t<div class=\"elementor-widget-container\">\n\t\t\t\t\t\t\t\t\t\t\t\t\t\t\t<img decoding=\"async\" width=\"1165\" height=\"1515\" src=\"https:\/\/fisionicra.es\/wp-content\/uploads\/2025\/11\/bn_3.png\" class=\"attachment-full size-full wp-image-1789\" alt=\"\" srcset=\"https:\/\/fisionicra.es\/wp-content\/uploads\/2025\/11\/bn_3.png 1165w, https:\/\/fisionicra.es\/wp-content\/uploads\/2025\/11\/bn_3-231x300.png 231w, https:\/\/fisionicra.es\/wp-content\/uploads\/2025\/11\/bn_3-787x1024.png 787w, https:\/\/fisionicra.es\/wp-content\/uploads\/2025\/11\/bn_3-768x999.png 768w, https:\/\/fisionicra.es\/wp-content\/uploads\/2025\/11\/bn_3-9x12.png 9w\" sizes=\"(max-width: 1165px) 100vw, 1165px\" \/>\t\t\t\t\t\t\t\t\t\t\t\t\t\t\t<\/div>\n\t\t\t\t<\/div>\n\t\t\t\t<div class=\"elementor-element elementor-element-ef8f3dd elementor-widget elementor-widget-heading\" data-id=\"ef8f3dd\" data-element_type=\"widget\" data-e-type=\"widget\" data-widget_type=\"heading.default\">\n\t\t\t\t<div class=\"elementor-widget-container\">\n\t\t\t\t\t<h2 class=\"elementor-heading-title elementor-size-default\">Noelia<\/h2>\t\t\t\t<\/div>\n\t\t\t\t<\/div>\n\t\t\t\t<div class=\"elementor-element elementor-element-4925a0a elementor-widget elementor-widget-text-editor\" data-id=\"4925a0a\" data-element_type=\"widget\" data-e-type=\"widget\" data-widget_type=\"text-editor.default\">\n\t\t\t\t<div class=\"elementor-widget-container\">\n\t\t\t\t\t\t\t\t\t<p>N\u00ba Col: 2693<\/p>\t\t\t\t\t\t\t\t<\/div>\n\t\t\t\t<\/div>\n\t\t\t\t<\/div>\n\t\t<div class=\"elementor-element elementor-element-18d40b3 e-con-full e-flex e-con e-child\" data-id=\"18d40b3\" data-element_type=\"container\" data-e-type=\"container\">\n\t\t\t\t<div class=\"elementor-element elementor-element-050dbdc elementor-widget__width-auto elementor-widget elementor-widget-image\" data-id=\"050dbdc\" data-element_type=\"widget\" data-e-type=\"widget\" data-widget_type=\"image.default\">\n\t\t\t\t<div class=\"elementor-widget-container\">\n\t\t\t\t\t\t\t\t\t\t\t\t\t\t\t<img decoding=\"async\" width=\"768\" height=\"781\" src=\"https:\/\/fisionicra.es\/wp-content\/uploads\/2025\/11\/bn_5-e1763660417746-768x781.png\" class=\"attachment-medium_large size-medium_large wp-image-1791\" alt=\"\" srcset=\"https:\/\/fisionicra.es\/wp-content\/uploads\/2025\/11\/bn_5-e1763660417746-768x781.png 768w, https:\/\/fisionicra.es\/wp-content\/uploads\/2025\/11\/bn_5-e1763660417746-295x300.png 295w, https:\/\/fisionicra.es\/wp-content\/uploads\/2025\/11\/bn_5-e1763660417746-1007x1024.png 1007w, https:\/\/fisionicra.es\/wp-content\/uploads\/2025\/11\/bn_5-e1763660417746-12x12.png 12w, https:\/\/fisionicra.es\/wp-content\/uploads\/2025\/11\/bn_5-e1763660417746.png 1164w\" sizes=\"(max-width: 768px) 100vw, 768px\" \/>\t\t\t\t\t\t\t\t\t\t\t\t\t\t\t<\/div>\n\t\t\t\t<\/div>\n\t\t\t\t<div class=\"elementor-element elementor-element-12afb7e elementor-widget elementor-widget-heading\" data-id=\"12afb7e\" data-element_type=\"widget\" data-e-type=\"widget\" data-widget_type=\"heading.default\">\n\t\t\t\t<div class=\"elementor-widget-container\">\n\t\t\t\t\t<h2 class=\"elementor-heading-title elementor-size-default\">Laura<\/h2>\t\t\t\t<\/div>\n\t\t\t\t<\/div>\n\t\t\t\t<div class=\"elementor-element elementor-element-97e69e4 elementor-widget elementor-widget-text-editor\" data-id=\"97e69e4\" data-element_type=\"widget\" data-e-type=\"widget\" data-widget_type=\"text-editor.default\">\n\t\t\t\t<div class=\"elementor-widget-container\">\n\t\t\t\t\t\t\t\t\t<p>N\u00ba Col: 2409<\/p>\t\t\t\t\t\t\t\t<\/div>\n\t\t\t\t<\/div>\n\t\t\t\t<\/div>\n\t\t<div class=\"elementor-element elementor-element-b0470c7 e-con-full e-flex e-con e-child\" data-id=\"b0470c7\" data-element_type=\"container\" data-e-type=\"container\">\n\t\t\t\t<div class=\"elementor-element elementor-element-328a324 elementor-widget__width-auto elementor-widget elementor-widget-image\" data-id=\"328a324\" data-element_type=\"widget\" data-e-type=\"widget\" data-widget_type=\"image.default\">\n\t\t\t\t<div class=\"elementor-widget-container\">\n\t\t\t\t\t\t\t\t\t\t\t\t\t\t\t<img loading=\"lazy\" decoding=\"async\" width=\"787\" height=\"1024\" src=\"https:\/\/fisionicra.es\/wp-content\/uploads\/2025\/11\/bn_4-787x1024.png\" class=\"attachment-large size-large wp-image-1790\" alt=\"\" srcset=\"https:\/\/fisionicra.es\/wp-content\/uploads\/2025\/11\/bn_4-787x1024.png 787w, https:\/\/fisionicra.es\/wp-content\/uploads\/2025\/11\/bn_4-231x300.png 231w, https:\/\/fisionicra.es\/wp-content\/uploads\/2025\/11\/bn_4-768x999.png 768w, https:\/\/fisionicra.es\/wp-content\/uploads\/2025\/11\/bn_4-9x12.png 9w, https:\/\/fisionicra.es\/wp-content\/uploads\/2025\/11\/bn_4.png 1165w\" sizes=\"(max-width: 787px) 100vw, 787px\" \/>\t\t\t\t\t\t\t\t\t\t\t\t\t\t\t<\/div>\n\t\t\t\t<\/div>\n\t\t\t\t<div class=\"elementor-element elementor-element-d16500a elementor-widget elementor-widget-heading\" data-id=\"d16500a\" data-element_type=\"widget\" data-e-type=\"widget\" data-widget_type=\"heading.default\">\n\t\t\t\t<div class=\"elementor-widget-container\">\n\t\t\t\t\t<h2 class=\"elementor-heading-title elementor-size-default\">Carmela<\/h2>\t\t\t\t<\/div>\n\t\t\t\t<\/div>\n\t\t\t\t<div class=\"elementor-element elementor-element-fd0b16c elementor-widget elementor-widget-text-editor\" data-id=\"fd0b16c\" data-element_type=\"widget\" data-e-type=\"widget\" data-widget_type=\"text-editor.default\">\n\t\t\t\t<div class=\"elementor-widget-container\">\n\t\t\t\t\t\t\t\t\t<p>N\u00ba Col: 1308<\/p>\t\t\t\t\t\t\t\t<\/div>\n\t\t\t\t<\/div>\n\t\t\t\t<\/div>\n\t\t\t\t\t<\/div>\n\t\t\t\t<\/div>\n\t\t<div class=\"elementor-element elementor-element-48ecb42 e-flex e-con-boxed e-con e-parent\" data-id=\"48ecb42\" data-element_type=\"container\" data-e-type=\"container\">\n\t\t\t\t\t<div class=\"e-con-inner\">\n\t\t<div class=\"elementor-element elementor-element-a9ed660 e-con-full e-flex e-con e-child\" data-id=\"a9ed660\" data-element_type=\"container\" data-e-type=\"container\">\n\t\t\t\t<div class=\"elementor-element elementor-element-52368fa elementor-widget__width-auto elementor-widget elementor-widget-image\" data-id=\"52368fa\" data-element_type=\"widget\" data-e-type=\"widget\" data-widget_type=\"image.default\">\n\t\t\t\t<div class=\"elementor-widget-container\">\n\t\t\t\t\t\t\t\t\t\t\t\t\t\t\t<img loading=\"lazy\" decoding=\"async\" width=\"787\" height=\"1024\" src=\"https:\/\/fisionicra.es\/wp-content\/uploads\/2025\/11\/bn_2-1-787x1024.png\" class=\"attachment-large size-large wp-image-1802\" alt=\"\" srcset=\"https:\/\/fisionicra.es\/wp-content\/uploads\/2025\/11\/bn_2-1-787x1024.png 787w, https:\/\/fisionicra.es\/wp-content\/uploads\/2025\/11\/bn_2-1-231x300.png 231w, https:\/\/fisionicra.es\/wp-content\/uploads\/2025\/11\/bn_2-1-768x999.png 768w, https:\/\/fisionicra.es\/wp-content\/uploads\/2025\/11\/bn_2-1-9x12.png 9w, https:\/\/fisionicra.es\/wp-content\/uploads\/2025\/11\/bn_2-1.png 1165w\" sizes=\"(max-width: 787px) 100vw, 787px\" \/>\t\t\t\t\t\t\t\t\t\t\t\t\t\t\t<\/div>\n\t\t\t\t<\/div>\n\t\t\t\t<div class=\"elementor-element elementor-element-071ca21 elementor-widget elementor-widget-heading\" data-id=\"071ca21\" data-element_type=\"widget\" data-e-type=\"widget\" data-widget_type=\"heading.default\">\n\t\t\t\t<div class=\"elementor-widget-container\">\n\t\t\t\t\t<h2 class=\"elementor-heading-title elementor-size-default\">Mart\u00edn<\/h2>\t\t\t\t<\/div>\n\t\t\t\t<\/div>\n\t\t\t\t<div class=\"elementor-element elementor-element-eb0bb6b elementor-widget elementor-widget-text-editor\" data-id=\"eb0bb6b\" data-element_type=\"widget\" data-e-type=\"widget\" data-widget_type=\"text-editor.default\">\n\t\t\t\t<div class=\"elementor-widget-container\">\n\t\t\t\t\t\t\t\t\t<p>N\u00ba Col: 2946<\/p>\t\t\t\t\t\t\t\t<\/div>\n\t\t\t\t<\/div>\n\t\t\t\t<\/div>\n\t\t<div class=\"elementor-element elementor-element-00752b4 e-con-full e-flex e-con e-child\" data-id=\"00752b4\" data-element_type=\"container\" data-e-type=\"container\">\n\t\t\t\t<div class=\"elementor-element elementor-element-5cf7c42 elementor-widget__width-auto elementor-widget elementor-widget-image\" data-id=\"5cf7c42\" data-element_type=\"widget\" data-e-type=\"widget\" data-widget_type=\"image.default\">\n\t\t\t\t<div class=\"elementor-widget-container\">\n\t\t\t\t\t\t\t\t\t\t\t\t\t\t\t<img loading=\"lazy\" decoding=\"async\" width=\"787\" height=\"1024\" src=\"https:\/\/fisionicra.es\/wp-content\/uploads\/2025\/11\/bn_1-1-787x1024.png\" class=\"attachment-large size-large wp-image-1800\" alt=\"\" srcset=\"https:\/\/fisionicra.es\/wp-content\/uploads\/2025\/11\/bn_1-1-787x1024.png 787w, https:\/\/fisionicra.es\/wp-content\/uploads\/2025\/11\/bn_1-1-231x300.png 231w, https:\/\/fisionicra.es\/wp-content\/uploads\/2025\/11\/bn_1-1-768x999.png 768w, https:\/\/fisionicra.es\/wp-content\/uploads\/2025\/11\/bn_1-1-9x12.png 9w, https:\/\/fisionicra.es\/wp-content\/uploads\/2025\/11\/bn_1-1.png 1165w\" sizes=\"(max-width: 787px) 100vw, 787px\" \/>\t\t\t\t\t\t\t\t\t\t\t\t\t\t\t<\/div>\n\t\t\t\t<\/div>\n\t\t\t\t<div class=\"elementor-element elementor-element-798b1a4 elementor-widget elementor-widget-heading\" data-id=\"798b1a4\" data-element_type=\"widget\" data-e-type=\"widget\" data-widget_type=\"heading.default\">\n\t\t\t\t<div class=\"elementor-widget-container\">\n\t\t\t\t\t<h2 class=\"elementor-heading-title elementor-size-default\">Luisa<\/h2>\t\t\t\t<\/div>\n\t\t\t\t<\/div>\n\t\t\t\t<div class=\"elementor-element elementor-element-82e3fb4 elementor-widget elementor-widget-text-editor\" data-id=\"82e3fb4\" data-element_type=\"widget\" data-e-type=\"widget\" data-widget_type=\"text-editor.default\">\n\t\t\t\t<div class=\"elementor-widget-container\">\n\t\t\t\t\t\t\t\t\t<p>Secretar\u00eda<\/p>\t\t\t\t\t\t\t\t<\/div>\n\t\t\t\t<\/div>\n\t\t\t\t<\/div>\n\t\t<div class=\"elementor-element elementor-element-d65d0d7 e-con-full e-flex e-con e-child\" data-id=\"d65d0d7\" data-element_type=\"container\" data-e-type=\"container\">\n\t\t\t\t<div class=\"elementor-element elementor-element-3092f2b elementor-widget__width-auto elementor-widget elementor-widget-image\" data-id=\"3092f2b\" data-element_type=\"widget\" data-e-type=\"widget\" data-widget_type=\"image.default\">\n\t\t\t\t<div class=\"elementor-widget-container\">\n\t\t\t\t\t\t\t\t\t\t\t\t\t\t\t<img loading=\"lazy\" decoding=\"async\" width=\"787\" height=\"1024\" src=\"https:\/\/fisionicra.es\/wp-content\/uploads\/2025\/11\/bn_6-787x1024.png\" class=\"attachment-large size-large wp-image-1792\" alt=\"\" srcset=\"https:\/\/fisionicra.es\/wp-content\/uploads\/2025\/11\/bn_6-787x1024.png 787w, https:\/\/fisionicra.es\/wp-content\/uploads\/2025\/11\/bn_6-231x300.png 231w, https:\/\/fisionicra.es\/wp-content\/uploads\/2025\/11\/bn_6-768x999.png 768w, https:\/\/fisionicra.es\/wp-content\/uploads\/2025\/11\/bn_6-9x12.png 9w, https:\/\/fisionicra.es\/wp-content\/uploads\/2025\/11\/bn_6.png 1165w\" sizes=\"(max-width: 787px) 100vw, 787px\" \/>\t\t\t\t\t\t\t\t\t\t\t\t\t\t\t<\/div>\n\t\t\t\t<\/div>\n\t\t\t\t<div class=\"elementor-element elementor-element-000475c elementor-widget elementor-widget-heading\" data-id=\"000475c\" data-element_type=\"widget\" data-e-type=\"widget\" data-widget_type=\"heading.default\">\n\t\t\t\t<div class=\"elementor-widget-container\">\n\t\t\t\t\t<h2 class=\"elementor-heading-title elementor-size-default\">Clara<\/h2>\t\t\t\t<\/div>\n\t\t\t\t<\/div>\n\t\t\t\t<div class=\"elementor-element elementor-element-bf4af51 elementor-widget elementor-widget-text-editor\" data-id=\"bf4af51\" data-element_type=\"widget\" data-e-type=\"widget\" data-widget_type=\"text-editor.default\">\n\t\t\t\t<div class=\"elementor-widget-container\">\n\t\t\t\t\t\t\t\t\t<p>Secretar\u00eda y RR.SS.<\/p>\t\t\t\t\t\t\t\t<\/div>\n\t\t\t\t<\/div>\n\t\t\t\t<\/div>\n\t\t\t\t\t<\/div>\n\t\t\t\t<\/div>\n\t\t\t\t<\/div>","protected":false},"excerpt":{"rendered":"<p>Equipo Fisionicra Altamente cualificados y con a\u00f1os de experiencia y formaci\u00f3n continua En Fisionicra contamos con un equipo de fisioterapeutas altamente cualificados, con a\u00f1os de experiencia y en constante formaci\u00f3n. Cada miembro del equipo combina a\u00f1os de experiencia con una formaci\u00f3n continua para ofrecerte siempre un tratamiento personalizado, efectivo y actualizado. Nos enorgullece proporcionar un&hellip;&nbsp;<a href=\"https:\/\/fisionicra.es\/gl\/equipo\/\" rel=\"bookmark\">Read More &raquo;<span class=\"screen-reader-text\">Equipo<\/span><\/a><\/p>","protected":false},"author":1,"featured_media":1607,"parent":0,"menu_order":0,"comment_status":"closed","ping_status":"closed","template":"","meta":{"om_disable_all_campaigns":false,"_monsterinsights_skip_tracking":false,"_monsterinsights_sitenote_active":false,"_monsterinsights_sitenote_note":"","_monsterinsights_sitenote_category":0,"neve_meta_sidebar":"","neve_meta_container":"full-width","neve_meta_enable_content_width":"","neve_meta_content_width":0,"neve_meta_title_alignment":"","neve_meta_author_avatar":"","neve_post_elements_order":"","neve_meta_disable_header":"","neve_meta_disable_footer":"","neve_meta_disable_title":"on","neve_meta_reading_time":"","_ti_tpc_template_sync":false,"_ti_tpc_template_id":"","footnotes":""},"class_list":["post-658","page","type-page","status-publish","has-post-thumbnail","hentry"],"aioseo_notices":[],"_links":{"self":[{"href":"https:\/\/fisionicra.es\/gl\/wp-json\/wp\/v2\/pages\/658","targetHints":{"allow":["GET"]}}],"collection":[{"href":"https:\/\/fisionicra.es\/gl\/wp-json\/wp\/v2\/pages"}],"about":[{"href":"https:\/\/fisionicra.es\/gl\/wp-json\/wp\/v2\/types\/page"}],"author":[{"embeddable":true,"href":"https:\/\/fisionicra.es\/gl\/wp-json\/wp\/v2\/users\/1"}],"replies":[{"embeddable":true,"href":"https:\/\/fisionicra.es\/gl\/wp-json\/wp\/v2\/comments?post=658"}],"version-history":[{"count":98,"href":"https:\/\/fisionicra.es\/gl\/wp-json\/wp\/v2\/pages\/658\/revisions"}],"predecessor-version":[{"id":1805,"href":"https:\/\/fisionicra.es\/gl\/wp-json\/wp\/v2\/pages\/658\/revisions\/1805"}],"wp:featuredmedia":[{"embeddable":true,"href":"https:\/\/fisionicra.es\/gl\/wp-json\/wp\/v2\/media\/1607"}],"wp:attachment":[{"href":"https:\/\/fisionicra.es\/gl\/wp-json\/wp\/v2\/media?parent=658"}],"curies":[{"name":"wp","href":"https:\/\/api.w.org\/{rel}","templated":true}]}}