{"id":662,"date":"2023-11-14T11:39:32","date_gmt":"2023-11-14T10:39:32","guid":{"rendered":"https:\/\/fisionicra.es\/?page_id=662"},"modified":"2025-01-18T17:43:21","modified_gmt":"2025-01-18T16:43:21","slug":"sobre_nosotros","status":"publish","type":"page","link":"https:\/\/fisionicra.es\/gl\/sobre_nosotros\/","title":{"rendered":"Sobre n\u00f3s"},"content":{"rendered":"<div data-elementor-type=\"wp-page\" data-elementor-id=\"662\" class=\"elementor elementor-662\">\n\t\t\t\t<div class=\"elementor-element elementor-element-54cfd1a6 e-con-full e-flex e-con e-parent\" data-id=\"54cfd1a6\" data-element_type=\"container\" data-e-type=\"container\" data-settings=\"{&quot;background_background&quot;:&quot;classic&quot;}\">\n\t\t\t\t<\/div>\n\t\t\t\t<section class=\"elementor-section elementor-top-section elementor-element elementor-element-8ee04fd elementor-section-boxed elementor-section-height-default elementor-section-height-default\" data-id=\"8ee04fd\" data-element_type=\"section\" data-e-type=\"section\">\n\t\t\t\t\t\t<div class=\"elementor-container elementor-column-gap-default\">\n\t\t\t\t\t<div class=\"elementor-column elementor-col-100 elementor-top-column elementor-element elementor-element-16241402\" data-id=\"16241402\" data-element_type=\"column\" data-e-type=\"column\">\n\t\t\t<div class=\"elementor-widget-wrap elementor-element-populated\">\n\t\t\t\t\t\t<div class=\"elementor-element elementor-element-70b95b93 elementor-widget elementor-widget-heading\" data-id=\"70b95b93\" data-element_type=\"widget\" data-e-type=\"widget\" data-widget_type=\"heading.default\">\n\t\t\t\t<div class=\"elementor-widget-container\">\n\t\t\t\t\t<h1 class=\"elementor-heading-title elementor-size-default\">Bienvenidos a NUESTRO MUNDO<\/h1>\t\t\t\t<\/div>\n\t\t\t\t<\/div>\n\t\t\t\t\t<\/div>\n\t\t<\/div>\n\t\t\t\t\t<\/div>\n\t\t<\/section>\n\t\t<div class=\"elementor-element elementor-element-1e3535e e-flex e-con-boxed e-con e-parent\" data-id=\"1e3535e\" data-element_type=\"container\" data-e-type=\"container\" data-settings=\"{&quot;background_background&quot;:&quot;classic&quot;}\">\n\t\t\t\t\t<div class=\"e-con-inner\">\n\t\t<div class=\"elementor-element elementor-element-c212a1f e-con-full e-flex e-con e-child\" data-id=\"c212a1f\" data-element_type=\"container\" data-e-type=\"container\">\n\t\t\t\t<div class=\"elementor-element elementor-element-80477cb elementor-widget elementor-widget-text-editor\" data-id=\"80477cb\" data-element_type=\"widget\" data-e-type=\"widget\" data-widget_type=\"text-editor.default\">\n\t\t\t\t<div class=\"elementor-widget-container\">\n\t\t\t\t\t\t\t\t\t<p>Toda historia que se precie comienza con un \u201c\u00e9rase una vez\u201d, pero en nuestro caso no fue exactamente as\u00ed. Para contaros nuestra historia, nos vamos a remontar a 2019, cuando distintas vidas y caminos se juntaron en un emocionante proyecto que sali\u00f3 a la luz en Marzo de 2019, mes en el que abrimos las puertas de nuestro centro de Negreira con una acogida que nunca cre\u00edmos que fuera posible. Es habitual afirmar que los inicios son complicados, pero en nuestro caso estuvo lleno de mucha ilusi\u00f3n, fuerza y ganas de hacer bien nuestro trabajo.<\/p><p>La frase que representa nuestro centro es que \u201cvuestra salud, es nuestra prioridad\u201d, sin duda algo con lo que comulgamos las tres mentes pensantes detr\u00e1s de Fisionicra y todo el equipo de grandes profesionales que nos rodea. Gracias a todxs por acompa\u00f1arnos en nuestro d\u00eda a d\u00eda, sin vosotrxs no ser\u00edamos ni la mitad de la mitad!<\/p><p>Sin duda nuestra meta es mejorar la salud y el bienestar de nuestros pacientes, siempre desde un enfoque personalizado, actualizado, hol\u00edstico y profesional.<\/p>\t\t\t\t\t\t\t\t<\/div>\n\t\t\t\t<\/div>\n\t\t\t\t<\/div>\n\t\t<div class=\"elementor-element elementor-element-95c07fa e-con-full e-flex e-con e-child\" data-id=\"95c07fa\" data-element_type=\"container\" data-e-type=\"container\">\n\t\t\t\t<div class=\"elementor-element elementor-element-858eff2 elementor-widget elementor-widget-image\" data-id=\"858eff2\" data-element_type=\"widget\" data-e-type=\"widget\" data-widget_type=\"image.default\">\n\t\t\t\t<div class=\"elementor-widget-container\">\n\t\t\t\t\t\t\t\t\t\t\t\t\t\t\t<img fetchpriority=\"high\" decoding=\"async\" width=\"2560\" height=\"1726\" src=\"https:\/\/fisionicra.es\/wp-content\/uploads\/2024\/12\/DSC00062-scaled.jpg\" class=\"attachment-full size-full wp-image-1490\" alt=\"\" srcset=\"https:\/\/fisionicra.es\/wp-content\/uploads\/2024\/12\/DSC00062-scaled.jpg 2560w, https:\/\/fisionicra.es\/wp-content\/uploads\/2024\/12\/DSC00062-300x202.jpg 300w, https:\/\/fisionicra.es\/wp-content\/uploads\/2024\/12\/DSC00062-1024x691.jpg 1024w, https:\/\/fisionicra.es\/wp-content\/uploads\/2024\/12\/DSC00062-768x518.jpg 768w, https:\/\/fisionicra.es\/wp-content\/uploads\/2024\/12\/DSC00062-1536x1036.jpg 1536w, https:\/\/fisionicra.es\/wp-content\/uploads\/2024\/12\/DSC00062-2048x1381.jpg 2048w, https:\/\/fisionicra.es\/wp-content\/uploads\/2024\/12\/DSC00062-18x12.jpg 18w\" sizes=\"(max-width: 2560px) 100vw, 2560px\" \/>\t\t\t\t\t\t\t\t\t\t\t\t\t\t\t<\/div>\n\t\t\t\t<\/div>\n\t\t\t\t<\/div>\n\t\t\t\t\t<\/div>\n\t\t\t\t<\/div>\n\t\t<div class=\"elementor-element elementor-element-6b8653b e-con-full e-flex e-con e-parent\" data-id=\"6b8653b\" data-element_type=\"container\" data-e-type=\"container\" data-settings=\"{&quot;background_background&quot;:&quot;classic&quot;}\">\n\t\t\t\t<div class=\"elementor-element elementor-element-556ae96 elementor-widget-divider--view-line elementor-widget elementor-widget-divider\" data-id=\"556ae96\" data-element_type=\"widget\" data-e-type=\"widget\" data-widget_type=\"divider.default\">\n\t\t\t\t<div class=\"elementor-widget-container\">\n\t\t\t\t\t\t\t<div class=\"elementor-divider\">\n\t\t\t<span class=\"elementor-divider-separator\">\n\t\t\t\t\t\t<\/span>\n\t\t<\/div>\n\t\t\t\t\t\t<\/div>\n\t\t\t\t<\/div>\n\t\t\t\t<div class=\"elementor-element elementor-element-10731da5 elementor-widget elementor-widget-heading\" data-id=\"10731da5\" data-element_type=\"widget\" data-e-type=\"widget\" data-widget_type=\"heading.default\">\n\t\t\t\t<div class=\"elementor-widget-container\">\n\t\t\t\t\t<h2 class=\"elementor-heading-title elementor-size-default\">\u00bfPor qu\u00e9 elegirnos?<\/h2>\t\t\t\t<\/div>\n\t\t\t\t<\/div>\n\t\t\t\t<\/div>\n\t\t<div class=\"elementor-element elementor-element-a58ebdf e-flex e-con-boxed e-con e-parent\" data-id=\"a58ebdf\" data-element_type=\"container\" data-e-type=\"container\">\n\t\t\t\t\t<div class=\"e-con-inner\">\n\t\t<div class=\"elementor-element elementor-element-1c4414f e-con-full e-flex e-con e-child\" data-id=\"1c4414f\" data-element_type=\"container\" data-e-type=\"container\">\n\t\t\t\t<div class=\"elementor-element elementor-element-12a87b5 elementor-widget elementor-widget-text-editor\" data-id=\"12a87b5\" data-element_type=\"widget\" data-e-type=\"widget\" data-widget_type=\"text-editor.default\">\n\t\t\t\t<div class=\"elementor-widget-container\">\n\t\t\t\t\t\t\t\t\t<ul><li>Nos preocupamos por ti. Te escuchamos, estudiamos tu caso, preguntamos cuando no tenemos dudas y derivamos cuando nos consideramos incapacitadxs para atenderte de la mejor manera posible.<\/li><li>Te vamos a decir la verdad, te guste o no o\u00edrla.<\/li><li>Creemos que es necesario que os empoder\u00e9is y que teng\u00e1is las herramientas y conocimientos necesarios para\u00a0 mantener vuestra salud a largo plazo y as\u00ed, aunque nos encanta veros, que sea de manera ocasional y no por un dolor persistente.<\/li><li>En nuestro centro te vas a sentir como en casa, con un ambiente agradable y muy familiar.<\/li><\/ul>\t\t\t\t\t\t\t\t<\/div>\n\t\t\t\t<\/div>\n\t\t\t\t<\/div>\n\t\t\t\t\t<\/div>\n\t\t\t\t<\/div>\n\t\t<div class=\"elementor-element elementor-element-f3b1b4f e-flex e-con-boxed e-con e-parent\" data-id=\"f3b1b4f\" data-element_type=\"container\" data-e-type=\"container\">\n\t\t\t\t\t<div class=\"e-con-inner\">\n\t\t<div class=\"elementor-element elementor-element-8673407 e-con-full e-flex e-con e-child\" data-id=\"8673407\" data-element_type=\"container\" data-e-type=\"container\">\n\t\t\t\t<div class=\"elementor-element elementor-element-0debe14 elementor-widget elementor-widget-image\" data-id=\"0debe14\" data-element_type=\"widget\" data-e-type=\"widget\" data-widget_type=\"image.default\">\n\t\t\t\t<div class=\"elementor-widget-container\">\n\t\t\t\t\t\t\t\t\t\t\t\t\t\t\t<img decoding=\"async\" width=\"1024\" height=\"683\" src=\"https:\/\/fisionicra.es\/wp-content\/uploads\/2024\/12\/DSC00054-Mejorado-NR-1024x683.jpg\" class=\"attachment-large size-large wp-image-1484\" alt=\"\" srcset=\"https:\/\/fisionicra.es\/wp-content\/uploads\/2024\/12\/DSC00054-Mejorado-NR-1024x683.jpg 1024w, https:\/\/fisionicra.es\/wp-content\/uploads\/2024\/12\/DSC00054-Mejorado-NR-300x200.jpg 300w, https:\/\/fisionicra.es\/wp-content\/uploads\/2024\/12\/DSC00054-Mejorado-NR-768x512.jpg 768w, https:\/\/fisionicra.es\/wp-content\/uploads\/2024\/12\/DSC00054-Mejorado-NR-1536x1024.jpg 1536w, https:\/\/fisionicra.es\/wp-content\/uploads\/2024\/12\/DSC00054-Mejorado-NR-2048x1365.jpg 2048w, https:\/\/fisionicra.es\/wp-content\/uploads\/2024\/12\/DSC00054-Mejorado-NR-18x12.jpg 18w, https:\/\/fisionicra.es\/wp-content\/uploads\/2024\/12\/DSC00054-Mejorado-NR-930x620.jpg 930w\" sizes=\"(max-width: 1024px) 100vw, 1024px\" \/>\t\t\t\t\t\t\t\t\t\t\t\t\t\t\t<\/div>\n\t\t\t\t<\/div>\n\t\t\t\t<\/div>\n\t\t<div class=\"elementor-element elementor-element-7b1db39 e-con-full e-flex e-con e-child\" data-id=\"7b1db39\" data-element_type=\"container\" data-e-type=\"container\">\n\t\t\t\t<div class=\"elementor-element elementor-element-e77b472 elementor-widget elementor-widget-image\" data-id=\"e77b472\" data-element_type=\"widget\" data-e-type=\"widget\" data-widget_type=\"image.default\">\n\t\t\t\t<div class=\"elementor-widget-container\">\n\t\t\t\t\t\t\t\t\t\t\t\t\t\t\t<img decoding=\"async\" width=\"1024\" height=\"690\" src=\"https:\/\/fisionicra.es\/wp-content\/uploads\/2024\/12\/DSC1184-HDR-1024x690.jpg\" class=\"attachment-large size-large wp-image-1450\" alt=\"\" srcset=\"https:\/\/fisionicra.es\/wp-content\/uploads\/2024\/12\/DSC1184-HDR-1024x690.jpg 1024w, https:\/\/fisionicra.es\/wp-content\/uploads\/2024\/12\/DSC1184-HDR-300x202.jpg 300w, https:\/\/fisionicra.es\/wp-content\/uploads\/2024\/12\/DSC1184-HDR-768x518.jpg 768w, https:\/\/fisionicra.es\/wp-content\/uploads\/2024\/12\/DSC1184-HDR-1536x1036.jpg 1536w, https:\/\/fisionicra.es\/wp-content\/uploads\/2024\/12\/DSC1184-HDR-2048x1381.jpg 2048w, https:\/\/fisionicra.es\/wp-content\/uploads\/2024\/12\/DSC1184-HDR-18x12.jpg 18w\" sizes=\"(max-width: 1024px) 100vw, 1024px\" \/>\t\t\t\t\t\t\t\t\t\t\t\t\t\t\t<\/div>\n\t\t\t\t<\/div>\n\t\t\t\t<\/div>\n\t\t<div class=\"elementor-element elementor-element-099f6d5 e-con-full e-flex e-con e-child\" data-id=\"099f6d5\" data-element_type=\"container\" data-e-type=\"container\">\n\t\t\t\t<div class=\"elementor-element elementor-element-533cb33 elementor-widget elementor-widget-image\" data-id=\"533cb33\" data-element_type=\"widget\" data-e-type=\"widget\" data-widget_type=\"image.default\">\n\t\t\t\t<div class=\"elementor-widget-container\">\n\t\t\t\t\t\t\t\t\t\t\t\t\t\t\t<img loading=\"lazy\" decoding=\"async\" width=\"1024\" height=\"683\" src=\"https:\/\/fisionicra.es\/wp-content\/uploads\/2024\/12\/DSC1297-HDR-1024x683.jpg\" class=\"attachment-large size-large wp-image-1470\" alt=\"\" srcset=\"https:\/\/fisionicra.es\/wp-content\/uploads\/2024\/12\/DSC1297-HDR-1024x683.jpg 1024w, https:\/\/fisionicra.es\/wp-content\/uploads\/2024\/12\/DSC1297-HDR-300x200.jpg 300w, https:\/\/fisionicra.es\/wp-content\/uploads\/2024\/12\/DSC1297-HDR-768x512.jpg 768w, https:\/\/fisionicra.es\/wp-content\/uploads\/2024\/12\/DSC1297-HDR-1536x1024.jpg 1536w, https:\/\/fisionicra.es\/wp-content\/uploads\/2024\/12\/DSC1297-HDR-2048x1365.jpg 2048w, https:\/\/fisionicra.es\/wp-content\/uploads\/2024\/12\/DSC1297-HDR-18x12.jpg 18w, https:\/\/fisionicra.es\/wp-content\/uploads\/2024\/12\/DSC1297-HDR-930x620.jpg 930w\" sizes=\"(max-width: 1024px) 100vw, 1024px\" \/>\t\t\t\t\t\t\t\t\t\t\t\t\t\t\t<\/div>\n\t\t\t\t<\/div>\n\t\t\t\t<\/div>\n\t\t\t\t\t<\/div>\n\t\t\t\t<\/div>\n\t\t\t\t<\/div>","protected":false},"excerpt":{"rendered":"<p>Bienvenidos a NUESTRO MUNDO Toda historia que se precie comienza con un \u201c\u00e9rase una vez\u201d, pero en nuestro caso no fue exactamente as\u00ed. Para contaros nuestra historia, nos vamos a remontar a 2019, cuando distintas vidas y caminos se juntaron en un emocionante proyecto que sali\u00f3 a la luz en Marzo de 2019, mes en&hellip;&nbsp;<a href=\"https:\/\/fisionicra.es\/gl\/sobre_nosotros\/\" rel=\"bookmark\">Read More &raquo;<span class=\"screen-reader-text\">Sobre n\u00f3s<\/span><\/a><\/p>","protected":false},"author":1,"featured_media":1607,"parent":0,"menu_order":0,"comment_status":"closed","ping_status":"closed","template":"","meta":{"om_disable_all_campaigns":false,"_monsterinsights_skip_tracking":false,"_monsterinsights_sitenote_active":false,"_monsterinsights_sitenote_note":"","_monsterinsights_sitenote_category":0,"neve_meta_sidebar":"","neve_meta_container":"full-width","neve_meta_enable_content_width":"","neve_meta_content_width":0,"neve_meta_title_alignment":"","neve_meta_author_avatar":"","neve_post_elements_order":"","neve_meta_disable_header":"","neve_meta_disable_footer":"","neve_meta_disable_title":"on","neve_meta_reading_time":"","_ti_tpc_template_sync":false,"_ti_tpc_template_id":"","footnotes":""},"class_list":["post-662","page","type-page","status-publish","has-post-thumbnail","hentry"],"aioseo_notices":[],"_links":{"self":[{"href":"https:\/\/fisionicra.es\/gl\/wp-json\/wp\/v2\/pages\/662","targetHints":{"allow":["GET"]}}],"collection":[{"href":"https:\/\/fisionicra.es\/gl\/wp-json\/wp\/v2\/pages"}],"about":[{"href":"https:\/\/fisionicra.es\/gl\/wp-json\/wp\/v2\/types\/page"}],"author":[{"embeddable":true,"href":"https:\/\/fisionicra.es\/gl\/wp-json\/wp\/v2\/users\/1"}],"replies":[{"embeddable":true,"href":"https:\/\/fisionicra.es\/gl\/wp-json\/wp\/v2\/comments?post=662"}],"version-history":[{"count":71,"href":"https:\/\/fisionicra.es\/gl\/wp-json\/wp\/v2\/pages\/662\/revisions"}],"predecessor-version":[{"id":1556,"href":"https:\/\/fisionicra.es\/gl\/wp-json\/wp\/v2\/pages\/662\/revisions\/1556"}],"wp:featuredmedia":[{"embeddable":true,"href":"https:\/\/fisionicra.es\/gl\/wp-json\/wp\/v2\/media\/1607"}],"wp:attachment":[{"href":"https:\/\/fisionicra.es\/gl\/wp-json\/wp\/v2\/media?parent=662"}],"curies":[{"name":"wp","href":"https:\/\/api.w.org\/{rel}","templated":true}]}}